{"id":16,"date":"2020-12-17T12:28:35","date_gmt":"2020-12-17T12:28:35","guid":{"rendered":"https:\/\/gomluylau.com\/?page_id=16"},"modified":"2021-07-16T07:17:51","modified_gmt":"2021-07-16T07:17:51","slug":"home-page","status":"publish","type":"page","link":"https:\/\/gomluylau.com\/en\/","title":{"rendered":"Trang ch\u1ee7"},"content":{"rendered":"<div data-elementor-type=\"wp-page\" data-elementor-id=\"16\" class=\"elementor elementor-16\">\n\t\t\t\t\t\t<div class=\"elementor-inner\">\n\t\t\t\t<div class=\"elementor-section-wrap\">\n\t\t\t\t\t\t\t\t\t<section class=\"elementor-section elementor-top-section elementor-element elementor-element-2e5bf1b elementor-section-full_width elementor-section-height-default elementor-section-height-default\" data-id=\"2e5bf1b\" data-element_type=\"section\">\n\t\t\t\t\t\t<div class=\"elementor-container elementor-column-gap-default\">\n\t\t\t\t\t\t\t<div class=\"elementor-row\">\n\t\t\t\t\t<div class=\"elementor-column elementor-col-100 elementor-top-column elementor-element elementor-element-ba26d52\" data-id=\"ba26d52\" data-element_type=\"column\">\n\t\t\t<div class=\"elementor-column-wrap elementor-element-populated\">\n\t\t\t\t\t\t\t<div class=\"elementor-widget-wrap\">\n\t\t\t\t\t\t<div class=\"elementor-element elementor-element-b1acd24 elementor--h-position-center elementor--v-position-middle elementor-arrows-position-inside elementor-widget elementor-widget-slides\" data-id=\"b1acd24\" data-element_type=\"widget\" data-settings=\"{&quot;navigation&quot;:&quot;arrows&quot;,&quot;autoplay&quot;:&quot;yes&quot;,&quot;pause_on_hover&quot;:&quot;yes&quot;,&quot;pause_on_interaction&quot;:&quot;yes&quot;,&quot;autoplay_speed&quot;:5000,&quot;infinite&quot;:&quot;yes&quot;,&quot;transition&quot;:&quot;slide&quot;,&quot;transition_speed&quot;:500}\" data-widget_type=\"slides.default\">\n\t\t\t\t<div class=\"elementor-widget-container\">\n\t\t\t\t\t<div class=\"elementor-swiper\">\n\t\t\t<div class=\"elementor-slides-wrapper elementor-main-swiper swiper-container\" dir=\"ltr\" data-animation=\"fadeInUp\">\n\t\t\t\t<div class=\"swiper-wrapper elementor-slides\">\n\t\t\t\t\t<div class=\"elementor-repeater-item-e10f17f swiper-slide\"><div class=\"swiper-slide-bg\"><\/div><div class=\"swiper-slide-inner\" ><div class=\"swiper-slide-contents\"><\/div><\/div><\/div><div class=\"elementor-repeater-item-0a58b04 swiper-slide\"><div class=\"swiper-slide-bg\"><\/div><div class=\"swiper-slide-inner\" ><div class=\"swiper-slide-contents\"><\/div><\/div><\/div><div class=\"elementor-repeater-item-0a2cbfc swiper-slide\"><div class=\"swiper-slide-bg\"><\/div><div class=\"swiper-slide-inner\" ><div class=\"swiper-slide-contents\"><\/div><\/div><\/div><div class=\"elementor-repeater-item-a06b4c8 swiper-slide\"><div class=\"swiper-slide-bg\"><\/div><div class=\"swiper-slide-inner\" ><div class=\"swiper-slide-contents\"><\/div><\/div><\/div><div class=\"elementor-repeater-item-ebd6abd swiper-slide\"><div class=\"swiper-slide-bg\"><\/div><div class=\"swiper-slide-inner\" ><div class=\"swiper-slide-contents\"><\/div><\/div><\/div><div class=\"elementor-repeater-item-d118798 swiper-slide\"><div class=\"swiper-slide-bg\"><\/div><div class=\"swiper-slide-inner\" ><div class=\"swiper-slide-contents\"><\/div><\/div><\/div>\t\t\t\t<\/div>\n\t\t\t\t\t\t\t\t\t\t\t\t\t\t\t\t\t\t\t\t<div class=\"elementor-swiper-button elementor-swiper-button-prev\">\n\t\t\t\t\t\t\t<i class=\"eicon-chevron-left\" aria-hidden=\"true\"><\/i>\n\t\t\t\t\t\t\t<span class=\"elementor-screen-only\">Previous<\/span>\n\t\t\t\t\t\t<\/div>\n\t\t\t\t\t\t<div class=\"elementor-swiper-button elementor-swiper-button-next\">\n\t\t\t\t\t\t\t<i class=\"eicon-chevron-right\" aria-hidden=\"true\"><\/i>\n\t\t\t\t\t\t\t<span class=\"elementor-screen-only\">Next<\/span>\n\t\t\t\t\t\t<\/div>\n\t\t\t\t\t\t\t\t\t\t\t\t<\/div>\n\t\t<\/div>\n\t\t\t\t<\/div>\n\t\t\t\t<\/div>\n\t\t\t\t\t\t<\/div>\n\t\t\t\t\t<\/div>\n\t\t<\/div>\n\t\t\t\t\t\t\t\t<\/div>\n\t\t\t\t\t<\/div>\n\t\t<\/section>\n\t\t\t\t<section class=\"elementor-section elementor-top-section elementor-element elementor-element-8a9bc30 elementor-section-full_width elementor-section-height-default elementor-section-height-default\" data-id=\"8a9bc30\" data-element_type=\"section\">\n\t\t\t\t\t\t<div class=\"elementor-container elementor-column-gap-default\">\n\t\t\t\t\t\t\t<div class=\"elementor-row\">\n\t\t\t\t\t<div class=\"elementor-column elementor-col-33 elementor-top-column elementor-element elementor-element-e56057a\" data-id=\"e56057a\" data-element_type=\"column\" data-settings=\"{&quot;background_background&quot;:&quot;classic&quot;}\">\n\t\t\t<div class=\"elementor-column-wrap elementor-element-populated\">\n\t\t\t\t\t\t\t<div class=\"elementor-widget-wrap\">\n\t\t\t\t\t\t<div class=\"elementor-element elementor-element-3d176aa elementor-widget elementor-widget-heading\" data-id=\"3d176aa\" data-element_type=\"widget\" data-widget_type=\"heading.default\">\n\t\t\t\t<div class=\"elementor-widget-container\">\n\t\t\t<h2 class=\"elementor-heading-title elementor-size-default\">L\u1ecaCH S\u1eec<br>TH\u01af\u01a0NG HI\u1ec6U<\/h2>\t\t<\/div>\n\t\t\t\t<\/div>\n\t\t\t\t<div class=\"elementor-element elementor-element-81b5f0b elementor-widget-divider--view-line elementor-widget elementor-widget-divider\" data-id=\"81b5f0b\" data-element_type=\"widget\" data-widget_type=\"divider.default\">\n\t\t\t\t<div class=\"elementor-widget-container\">\n\t\t\t\t\t<div class=\"elementor-divider\">\n\t\t\t<span class=\"elementor-divider-separator\">\n\t\t\t\t\t\t<\/span>\n\t\t<\/div>\n\t\t\t\t<\/div>\n\t\t\t\t<\/div>\n\t\t\t\t<div class=\"elementor-element elementor-element-49b48be elementor-widget elementor-widget-text-editor\" data-id=\"49b48be\" data-element_type=\"widget\" data-widget_type=\"text-editor.default\">\n\t\t\t\t<div class=\"elementor-widget-container\">\n\t\t\t\t\t\t\t\t<div class=\"elementor-text-editor elementor-clearfix\">\n\t\t\t\t<p>C\u00e1c cu\u1ed9c khai qu\u1eadt g\u1ed1m c\u1ed5 Luy L\u00e2u (hay c\u00f2n g\u1ecdi l\u00e0 g\u1ed1m D\u00e2u) \u1edf khu v\u1ef1c nh\u01b0 Nguy\u1ec7t \u0110\u1ee9c, Thanh Kh\u01b0\u01a1ng, B\u00e3i \u0110\u1ecbnh, B\u00e3i N\u1ed5i, H\u00e0 M\u00e3n\u2026thu\u1ed9c huy\u1ec7n Thu\u1eadn Th\u00e0nh \u0111\u00e3 cho th\u1ea5y n\u00e9t n\u1ed5i b\u1eadt c\u1ee7a d\u00f2ng g\u1ed1m n\u00e0y l\u00e0 m\u1ed9t lo\u1ea1i men l\u1ea1 m\u1eaft ph\u1ee7 m\u00e0u xanh \u00f4-liu tr\u1ea7m \u1ea5m v\u00e0 trong v\u1eaft. Khi xem m\u00e0u v\u00e0 ch\u1ea5t li\u1ec7u men c\u1ee7a d\u00f2ng g\u1ed1m c\u1ed5 Luy L\u00e2u nhi\u1ec1u ng\u01b0\u1eddi li\u00ean t\u01b0\u1edfng \u0111\u1ebfn m\u00e0u xanh ng\u1ea3 b\u00ed c\u1ee7a d\u00f2ng g\u1ed1m Thi\u1ec7u D\u01b0\u01a1ng, Thanh Ho\u00e1. Th\u1eadm ch\u00ed, nhi\u1ec1u s\u1ea3n ph\u1ea9m c\u1ee7a d\u00f2ng g\u1ed1m n\u00e0y khi\u1ebfn ta d\u1ec5 nh\u1ea7m l\u1eabn. Nh\u00e0 s\u1eed h\u1ecdc D\u01b0\u01a1ng Trung Qu\u1ed1c cho r\u1eb1ng: \u201cD\u00f2ng g\u1ed1m Thi\u1ec7u D\u01b0\u01a1ng, Thanh Ho\u00e1 xu\u1ea5t hi\u1ec7n v\u00e0o kho\u1ea3ng th\u1ebf k\u1ef7 th\u1ee9 ba tr\u01b0\u1edbc C\u00f4ng nguy\u00ean n\u00ean c\u00f3 l\u1ebd g\u1ed1m c\u1ed5 Luy L\u00e2u c\u0169ng \u0111\u1ed3ng ni\u00ean \u0111\u1ea1i nh\u01b0 v\u1eady. \u0110\u00e2y l\u00e0 d\u00f2ng g\u1ed1m ph\u00e1t tri\u1ec3n c\u00f3 ni\u00ean \u0111\u1ea1i c\u00e1ch \u0111\u00e2y \u0111\u00e3 tr\u00ean d\u01b0\u1edbi 2000 n\u0103m\u201d.<\/p>\t\t\t\t\t<\/div>\n\t\t\t\t\t\t<\/div>\n\t\t\t\t<\/div>\n\t\t\t\t\t\t<\/div>\n\t\t\t\t\t<\/div>\n\t\t<\/div>\n\t\t\t\t<div class=\"elementor-column elementor-col-33 elementor-top-column elementor-element elementor-element-bf4232e\" data-id=\"bf4232e\" data-element_type=\"column\" data-settings=\"{&quot;background_background&quot;:&quot;classic&quot;}\">\n\t\t\t<div class=\"elementor-column-wrap elementor-element-populated\">\n\t\t\t\t\t\t\t<div class=\"elementor-widget-wrap\">\n\t\t\t\t\t\t<div class=\"elementor-element elementor-element-e726322 elementor-widget elementor-widget-heading\" data-id=\"e726322\" data-element_type=\"widget\" data-widget_type=\"heading.default\">\n\t\t\t\t<div class=\"elementor-widget-container\">\n\t\t\t<h2 class=\"elementor-heading-title elementor-size-default\">T\u1ea6M NH\u00ccN &amp; S\u1ee8 M\u1ec6NH<br>TH\u01af\u01a0NG HI\u1ec6U<\/h2>\t\t<\/div>\n\t\t\t\t<\/div>\n\t\t\t\t<div class=\"elementor-element elementor-element-2d1346e elementor-widget-divider--view-line elementor-widget elementor-widget-divider\" data-id=\"2d1346e\" data-element_type=\"widget\" data-widget_type=\"divider.default\">\n\t\t\t\t<div class=\"elementor-widget-container\">\n\t\t\t\t\t<div class=\"elementor-divider\">\n\t\t\t<span class=\"elementor-divider-separator\">\n\t\t\t\t\t\t<\/span>\n\t\t<\/div>\n\t\t\t\t<\/div>\n\t\t\t\t<\/div>\n\t\t\t\t<div class=\"elementor-element elementor-element-776d557 elementor-widget elementor-widget-text-editor\" data-id=\"776d557\" data-element_type=\"widget\" data-widget_type=\"text-editor.default\">\n\t\t\t\t<div class=\"elementor-widget-container\">\n\t\t\t\t\t\t\t\t<div class=\"elementor-text-editor elementor-clearfix\">\n\t\t\t\t<p><strong>Luy L\u00e2u<\/strong> l\u00e0 c\u00f4ng ty ti\u00ean phong trong vi\u1ec7c kh\u00f4i ph\u1ee5c nh\u1eefng gi\u00e1 tr\u1ecb v\u0103n ho\u00e1 Vi\u1ec7t. Trong qu\u00e1 tr\u00ecnh ph\u00e1t tri\u1ec3n, <strong>Luy L\u00e2u<\/strong> mong mu\u1ed1n ph\u1ee5c v\u1ee5 c\u1ea3 th\u1ebf gi\u1edbi v\u1edbi c\u00e1c s\u1ea3n ph\u1ea9m t\u1eeb g\u1ed1m mang th\u01b0\u01a1ng hi\u1ec7u Made in Vi\u1ec7t Nam.<\/p><ul><li><strong>Luy L\u00e2u<\/strong> lu\u00f4n \u0111\u1ec1 cao s\u1ef1 <strong>ch\u00ednh tr\u1ef1c<\/strong><\/li><li><strong>Luy L\u00e2u<\/strong> lu\u00f4n t\u00f4n tr\u1ecdng s\u1ef1 <strong>s\u00e1ng t\u1ea1o<\/strong><\/li><li><strong>Luy L\u00e2u<\/strong> lu\u00f4n tu\u00e2n th\u1ee7\u00a0<strong>k\u1ef7 lu\u1eadt<\/strong><\/li><li><strong>Luy L\u00e2u<\/strong> lu\u00f4n \u00fd th\u1ee9c\u00a0<strong>l\u01b0\u01a1ng tri<\/strong><\/li><li><strong>Luy L\u00e2u<\/strong> lu\u00f4n c\u00f9ng nhau l\u00e0 m\u1ed9t\u00a0<strong>gia \u0111\u00ecnh<\/strong><\/li><\/ul>\t\t\t\t\t<\/div>\n\t\t\t\t\t\t<\/div>\n\t\t\t\t<\/div>\n\t\t\t\t\t\t<\/div>\n\t\t\t\t\t<\/div>\n\t\t<\/div>\n\t\t\t\t<div class=\"elementor-column elementor-col-33 elementor-top-column elementor-element elementor-element-40c0963\" data-id=\"40c0963\" data-element_type=\"column\" data-settings=\"{&quot;background_background&quot;:&quot;classic&quot;}\">\n\t\t\t<div class=\"elementor-column-wrap elementor-element-populated\">\n\t\t\t\t\t\t\t<div class=\"elementor-widget-wrap\">\n\t\t\t\t\t\t<div class=\"elementor-element elementor-element-20af842 elementor-widget elementor-widget-heading\" data-id=\"20af842\" data-element_type=\"widget\" data-widget_type=\"heading.default\">\n\t\t\t\t<div class=\"elementor-widget-container\">\n\t\t\t<h2 class=\"elementor-heading-title elementor-size-default\">G\u1ed0M LUY L\u00c2U QUA L\u0102NG K\u00cdNH<br>NH\u00c0 S\u1eec H\u1eccC<\/h2>\t\t<\/div>\n\t\t\t\t<\/div>\n\t\t\t\t<div class=\"elementor-element elementor-element-b8f4afb elementor-widget-divider--view-line elementor-widget elementor-widget-divider\" data-id=\"b8f4afb\" data-element_type=\"widget\" data-widget_type=\"divider.default\">\n\t\t\t\t<div class=\"elementor-widget-container\">\n\t\t\t\t\t<div class=\"elementor-divider\">\n\t\t\t<span class=\"elementor-divider-separator\">\n\t\t\t\t\t\t<\/span>\n\t\t<\/div>\n\t\t\t\t<\/div>\n\t\t\t\t<\/div>\n\t\t\t\t<div class=\"elementor-element elementor-element-a3cec47 elementor-widget elementor-widget-text-editor\" data-id=\"a3cec47\" data-element_type=\"widget\" data-widget_type=\"text-editor.default\">\n\t\t\t\t<div class=\"elementor-widget-container\">\n\t\t\t\t\t\t\t\t<div class=\"elementor-text-editor elementor-clearfix\">\n\t\t\t\t<p><em>\u201d G\u1ed1m Luy L\u00e2u l\u00e0 d\u00f2ng s\u1ea3n ph\u1ea9m \u0111\u1ed9c \u0111\u00e1o v\u00e0 h\u1ea5p d\u1eabn b\u1edfi nh\u1eefng s\u1eafc th\u00e1i c\u1ed5 \u0111i\u1ec3n c\u1ee7a ch\u1ea5t li\u1ec7u kh\u00f4ng tr\u1ed9n l\u1eabn v\u1edbi nh\u1eefng d\u00f2ng g\u1ed1m \u0111ang c\u00f3, l\u1ea1i r\u1ea5t hi\u1ec7n \u0111\u1ea1i v\u1ec1 phong c\u00e1ch t\u1ea1o h\u00ecnh. <\/em><\/p><p><em>D\u00f9 sao \u0111i n\u1eefa, g\u1ed1m Luy L\u00e2u \u0111\u00e3 tr\u1edf th\u00e0nh \u1ea5n t\u01b0\u1ee3ng l\u1ecbch s\u1ef1 m\u00e0 ng\u00e0y nay th\u1eddi m\u1edf c\u1eeda ng\u01b0\u1eddi ta quen g\u1ecdi l\u00e0 th\u01b0\u01a1ng hi\u1ec7u. Xem ra g\u1ed1m Luy L\u00e2u \u0111\u00e3 c\u00f3 th\u01b0\u01a1ng hi\u1ec7u t\u1eeb r\u1ea5t l\u00e2u r\u1ed3i &#8220;<\/em><\/p><p>Nh\u00e0 s\u1eed h\u1ecdc\u00a0<strong>D\u01b0\u01a1ng Trung Qu\u1ed1c,<\/strong><\/p><p><em>T\u1ed5ng th\u01b0 k\u00fd h\u1ed9i Khoa h\u1ecdc L\u1ecbch s\u1eed Vi\u1ec7t Nam \u2013\u00a0C\u1ed1 v\u1ea5n c\u1ea5p cao c\u1ee7a G\u1ed1m c\u1ed5 Luy L\u00e2u<\/em><\/p><div>\u00a0<\/div>\t\t\t\t\t<\/div>\n\t\t\t\t\t\t<\/div>\n\t\t\t\t<\/div>\n\t\t\t\t\t\t<\/div>\n\t\t\t\t\t<\/div>\n\t\t<\/div>\n\t\t\t\t\t\t\t\t<\/div>\n\t\t\t\t\t<\/div>\n\t\t<\/section>\n\t\t\t\t<section class=\"elementor-section elementor-top-section elementor-element elementor-element-5ebafbb elementor-section-full_width elementor-section-height-default elementor-section-height-default\" data-id=\"5ebafbb\" data-element_type=\"section\">\n\t\t\t\t\t\t<div class=\"elementor-container elementor-column-gap-default\">\n\t\t\t\t\t\t\t<div class=\"elementor-row\">\n\t\t\t\t\t<div class=\"elementor-column elementor-col-100 elementor-top-column elementor-element elementor-element-b4430f9\" data-id=\"b4430f9\" data-element_type=\"column\">\n\t\t\t<div class=\"elementor-column-wrap elementor-element-populated\">\n\t\t\t\t\t\t\t<div class=\"elementor-widget-wrap\">\n\t\t\t\t\t\t<div class=\"elementor-element elementor-element-d7078a7 elementor-widget elementor-widget-image\" data-id=\"d7078a7\" data-element_type=\"widget\" data-widget_type=\"image.default\">\n\t\t\t\t<div class=\"elementor-widget-container\">\n\t\t\t\t\t\t\t\t<div class=\"elementor-image\">\n\t\t\t\t\t\t\t\t\t\t\t\t<img width=\"2560\" height=\"993\" src=\"https:\/\/gomluylau.com\/wp-content\/uploads\/2020\/12\/7-scaled-1.jpg\" class=\"attachment-full size-full wp-image-46\" alt=\"\" loading=\"lazy\" srcset=\"https:\/\/gomluylau.com\/wp-content\/uploads\/2020\/12\/7-scaled-1.jpg 2560w, https:\/\/gomluylau.com\/wp-content\/uploads\/2020\/12\/7-scaled-1-300x116.jpg 300w, https:\/\/gomluylau.com\/wp-content\/uploads\/2020\/12\/7-scaled-1-600x233.jpg 600w, https:\/\/gomluylau.com\/wp-content\/uploads\/2020\/12\/7-scaled-1-1024x397.jpg 1024w, https:\/\/gomluylau.com\/wp-content\/uploads\/2020\/12\/7-scaled-1-768x298.jpg 768w, https:\/\/gomluylau.com\/wp-content\/uploads\/2020\/12\/7-scaled-1-1536x596.jpg 1536w, https:\/\/gomluylau.com\/wp-content\/uploads\/2020\/12\/7-scaled-1-2048x794.jpg 2048w\" sizes=\"(max-width: 2560px) 100vw, 2560px\" \/>\t\t\t\t\t\t\t\t\t\t\t\t\t\t<\/div>\n\t\t\t\t\t\t<\/div>\n\t\t\t\t<\/div>\n\t\t\t\t\t\t<\/div>\n\t\t\t\t\t<\/div>\n\t\t<\/div>\n\t\t\t\t\t\t\t\t<\/div>\n\t\t\t\t\t<\/div>\n\t\t<\/section>\n\t\t\t\t<section class=\"elementor-section elementor-top-section elementor-element elementor-element-7470f6f elementor-section-full_width elementor-section-height-min-height elementor-section-height-default elementor-section-items-middle\" data-id=\"7470f6f\" data-element_type=\"section\" data-settings=\"{&quot;background_background&quot;:&quot;classic&quot;}\">\n\t\t\t\t\t\t<div class=\"elementor-container elementor-column-gap-default\">\n\t\t\t\t\t\t\t<div class=\"elementor-row\">\n\t\t\t\t\t<div class=\"elementor-column elementor-col-100 elementor-top-column elementor-element elementor-element-2056e36\" data-id=\"2056e36\" data-element_type=\"column\">\n\t\t\t<div class=\"elementor-column-wrap elementor-element-populated\">\n\t\t\t\t\t\t\t<div class=\"elementor-widget-wrap\">\n\t\t\t\t\t\t<div class=\"elementor-element elementor-element-df43da3 elementor-product-loop-item--align-center elementor-products-columns-5 elementor-products-columns-mobile-1 elementor-products-grid elementor-wc-products elementor-widget elementor-widget-woocommerce-products\" data-id=\"df43da3\" data-element_type=\"widget\" data-widget_type=\"woocommerce-products.default\">\n\t\t\t\t<div class=\"elementor-widget-container\">\n\t\t\t<div class=\"woocommerce columns-5\"><ul class=\"products columns-5\">\n<li class=\"product type-product post-1916 status-publish first instock product_cat-binh-gom product_cat-gom-luy-lau-trang-tri has-post-thumbnail shipping-taxable product-type-simple\">\n\t<\/li>\n<li class=\"product type-product post-1914 status-publish instock product_cat-gom-luy-lau-trang-tri has-post-thumbnail shipping-taxable product-type-simple\">\n\t<\/li>\n<li class=\"product type-product post-1701 status-publish instock product_cat-binh-gom product_cat-gom-luy-lau-trang-tri has-post-thumbnail shipping-taxable product-type-simple\">\n\t<\/li>\n<li class=\"product type-product post-1636 status-publish instock product_cat-binh-gom product_cat-gom-luy-lau-trang-tri has-post-thumbnail shipping-taxable product-type-simple\">\n\t<\/li>\n<li class=\"product type-product post-1590 status-publish last instock product_cat-binh-gom product_cat-gom-luy-lau-trang-tri has-post-thumbnail shipping-taxable product-type-simple\">\n\t<\/li>\n<\/ul>\n<\/div>\t\t<\/div>\n\t\t\t\t<\/div>\n\t\t\t\t\t\t<\/div>\n\t\t\t\t\t<\/div>\n\t\t<\/div>\n\t\t\t\t\t\t\t\t<\/div>\n\t\t\t\t\t<\/div>\n\t\t<\/section>\n\t\t\t\t<section class=\"elementor-section elementor-top-section elementor-element elementor-element-ac7e33f elementor-section-full_width elementor-section-height-default elementor-section-height-default\" data-id=\"ac7e33f\" data-element_type=\"section\">\n\t\t\t\t\t\t<div class=\"elementor-container elementor-column-gap-default\">\n\t\t\t\t\t\t\t<div class=\"elementor-row\">\n\t\t\t\t\t<div class=\"elementor-column elementor-col-33 elementor-top-column elementor-element elementor-element-2cbcb9f\" data-id=\"2cbcb9f\" data-element_type=\"column\">\n\t\t\t<div class=\"elementor-column-wrap elementor-element-populated\">\n\t\t\t\t\t\t\t<div class=\"elementor-widget-wrap\">\n\t\t\t\t\t\t<div class=\"elementor-element elementor-element-bd50f4f elementor-widget elementor-widget-video\" data-id=\"bd50f4f\" data-element_type=\"widget\" data-settings=\"{&quot;youtube_url&quot;:&quot;https:\\\/\\\/www.youtube.com\\\/watch?v=V0FivQpR9Hw&quot;,&quot;video_type&quot;:&quot;youtube&quot;,&quot;controls&quot;:&quot;yes&quot;}\" data-widget_type=\"video.default\">\n\t\t\t\t<div class=\"elementor-widget-container\">\n\t\t\t\t\t<div class=\"elementor-wrapper elementor-open-inline\">\n\t\t\t<div class=\"elementor-video\"><\/div>\t\t<\/div>\n\t\t\t\t<\/div>\n\t\t\t\t<\/div>\n\t\t\t\t\t\t<\/div>\n\t\t\t\t\t<\/div>\n\t\t<\/div>\n\t\t\t\t<div class=\"elementor-column elementor-col-33 elementor-top-column elementor-element elementor-element-e69fa56\" data-id=\"e69fa56\" data-element_type=\"column\">\n\t\t\t<div class=\"elementor-column-wrap elementor-element-populated\">\n\t\t\t\t\t\t\t<div class=\"elementor-widget-wrap\">\n\t\t\t\t\t\t<div class=\"elementor-element elementor-element-9cab13d elementor-widget elementor-widget-video\" data-id=\"9cab13d\" data-element_type=\"widget\" data-settings=\"{&quot;youtube_url&quot;:&quot;https:\\\/\\\/youtu.be\\\/uqBlEFxf1YU&quot;,&quot;video_type&quot;:&quot;youtube&quot;,&quot;controls&quot;:&quot;yes&quot;}\" data-widget_type=\"video.default\">\n\t\t\t\t<div class=\"elementor-widget-container\">\n\t\t\t\t\t<div class=\"elementor-wrapper elementor-open-inline\">\n\t\t\t<div class=\"elementor-video\"><\/div>\t\t<\/div>\n\t\t\t\t<\/div>\n\t\t\t\t<\/div>\n\t\t\t\t\t\t<\/div>\n\t\t\t\t\t<\/div>\n\t\t<\/div>\n\t\t\t\t<div class=\"elementor-column elementor-col-33 elementor-top-column elementor-element elementor-element-8e5ef48\" data-id=\"8e5ef48\" data-element_type=\"column\">\n\t\t\t<div class=\"elementor-column-wrap elementor-element-populated\">\n\t\t\t\t\t\t\t<div class=\"elementor-widget-wrap\">\n\t\t\t\t\t\t<div class=\"elementor-element elementor-element-d4068ba elementor-widget elementor-widget-video\" data-id=\"d4068ba\" data-element_type=\"widget\" data-settings=\"{&quot;youtube_url&quot;:&quot;https:\\\/\\\/www.youtube.com\\\/watch?v=fVua1-4jxYY&quot;,&quot;video_type&quot;:&quot;youtube&quot;,&quot;controls&quot;:&quot;yes&quot;}\" data-widget_type=\"video.default\">\n\t\t\t\t<div class=\"elementor-widget-container\">\n\t\t\t\t\t<div class=\"elementor-wrapper elementor-open-inline\">\n\t\t\t<div class=\"elementor-video\"><\/div>\t\t<\/div>\n\t\t\t\t<\/div>\n\t\t\t\t<\/div>\n\t\t\t\t\t\t<\/div>\n\t\t\t\t\t<\/div>\n\t\t<\/div>\n\t\t\t\t\t\t\t\t<\/div>\n\t\t\t\t\t<\/div>\n\t\t<\/section>\n\t\t\t\t<section class=\"elementor-section elementor-top-section elementor-element elementor-element-e99171f elementor-section-full_width elementor-section-height-default elementor-section-height-default\" data-id=\"e99171f\" data-element_type=\"section\" data-settings=\"{&quot;background_background&quot;:&quot;classic&quot;}\">\n\t\t\t\t\t\t<div class=\"elementor-container elementor-column-gap-default\">\n\t\t\t\t\t\t\t<div class=\"elementor-row\">\n\t\t\t\t\t<div class=\"elementor-column elementor-col-50 elementor-top-column elementor-element elementor-element-1284b47\" data-id=\"1284b47\" data-element_type=\"column\">\n\t\t\t<div class=\"elementor-column-wrap elementor-element-populated\">\n\t\t\t\t\t\t\t<div class=\"elementor-widget-wrap\">\n\t\t\t\t\t\t<div class=\"elementor-element elementor-element-b6374e9 elementor-widget elementor-widget-heading\" data-id=\"b6374e9\" data-element_type=\"widget\" data-widget_type=\"heading.default\">\n\t\t\t\t<div class=\"elementor-widget-container\">\n\t\t\t<h2 class=\"elementor-heading-title elementor-size-default\">Li\u00ean h\u1ec7<\/h2>\t\t<\/div>\n\t\t\t\t<\/div>\n\t\t\t\t<div class=\"elementor-element elementor-element-57c597e elementor-button-align-stretch elementor-widget elementor-widget-form\" data-id=\"57c597e\" data-element_type=\"widget\" data-settings=\"{&quot;button_width&quot;:&quot;20&quot;,&quot;step_next_label&quot;:&quot;Next&quot;,&quot;step_previous_label&quot;:&quot;Previous&quot;,&quot;step_type&quot;:&quot;number_text&quot;,&quot;step_icon_shape&quot;:&quot;circle&quot;}\" data-widget_type=\"form.default\">\n\t\t\t\t<div class=\"elementor-widget-container\">\n\t\t\t\t\t<form class=\"elementor-form\" method=\"post\" name=\"New Form\" action=\"\">\n\t\t\t<input type=\"hidden\" name=\"post_id\" value=\"16\"\/>\n\t\t\t<input type=\"hidden\" name=\"form_id\" value=\"57c597e\"\/>\n\n\t\t\t\n\t\t\t<div class=\"elementor-form-fields-wrapper elementor-labels-above\">\n\t\t\t\t\t\t\t\t<div class=\"elementor-field-type-text elementor-field-group elementor-column elementor-field-group-name elementor-col-100\">\n\t\t\t\t\t<input size=\"1\" type=\"text\" name=\"form_fields[name]\" id=\"form-field-name\" class=\"elementor-field elementor-size-sm  elementor-field-textual\" placeholder=\"T\u00ean c\u1ee7a b\u1ea1n\">\t\t\t\t<\/div>\n\t\t\t\t\t\t\t\t<div class=\"elementor-field-type-tel elementor-field-group elementor-column elementor-field-group-email elementor-col-100 elementor-field-required\">\n\t\t\t\t\t<input size=\"1\" type=\"tel\" name=\"form_fields[email]\" id=\"form-field-email\" class=\"elementor-field elementor-size-sm  elementor-field-textual\" placeholder=\"S\u1ed1 \u0111i\u1ec7n tho\u1ea1i\" required=\"required\" aria-required=\"true\" pattern=\"[0-9()#&amp;+*-=.]+\" title=\"Only numbers and phone characters (#, -, *, etc) are accepted.\">\t\t\t\t<\/div>\n\t\t\t\t\t\t\t\t<div class=\"elementor-field-type-email elementor-field-group elementor-column elementor-field-group-email elementor-col-100\">\n\t\t\t\t\t<input size=\"1\" type=\"email\" name=\"form_fields[email]\" id=\"form-field-email\" class=\"elementor-field elementor-size-sm  elementor-field-textual\" placeholder=\"Email\">\t\t\t\t<\/div>\n\t\t\t\t\t\t\t\t<div class=\"elementor-field-group elementor-column elementor-field-type-submit elementor-col-20 e-form__buttons\">\n\t\t\t\t\t<button type=\"submit\" class=\"elementor-button elementor-size-sm\">\n\t\t\t\t\t\t<span >\n\t\t\t\t\t\t\t\t\t\t\t\t\t\t\t<span class=\"elementor-button-icon\">\n\t\t\t\t\t\t\t\t\t\t\t\t\t\t\t\t\t\t\t\t\t\t\t\t\t\t<\/span>\n\t\t\t\t\t\t\t\t\t\t\t\t\t\t\t\t\t\t\t\t\t\t<span class=\"elementor-button-text\">G\u1eedi<\/span>\n\t\t\t\t\t\t\t\t\t\t\t\t\t<\/span>\n\t\t\t\t\t<\/button>\n\t\t\t\t<\/div>\n\t\t\t<\/div>\n\t\t<input type=\"hidden\" name=\"trp-form-language\" value=\"en\"\/><\/form>\n\t\t\t\t<\/div>\n\t\t\t\t<\/div>\n\t\t\t\t\t\t<\/div>\n\t\t\t\t\t<\/div>\n\t\t<\/div>\n\t\t\t\t<div class=\"elementor-column elementor-col-50 elementor-top-column elementor-element elementor-element-a71fb68\" data-id=\"a71fb68\" data-element_type=\"column\">\n\t\t\t<div class=\"elementor-column-wrap elementor-element-populated\">\n\t\t\t\t\t\t\t<div class=\"elementor-widget-wrap\">\n\t\t\t\t\t\t<div class=\"elementor-element elementor-element-c438446 elementor-widget elementor-widget-google_maps\" data-id=\"c438446\" data-element_type=\"widget\" data-widget_type=\"google_maps.default\">\n\t\t\t\t<div class=\"elementor-widget-container\">\n\t\t\t\t\t<div class=\"elementor-custom-embed\">\n\t\t\t<iframe loading=\"lazy\"\n\t\t\t\t\tsrc=\"https:\/\/maps.google.com\/maps?q=th%C3%B4n%20b%E1%BA%A7u&#038;t=m&#038;z=15&#038;output=embed&#038;iwloc=near\"\n\t\t\t\t\ttitle=\"th\u00f4n b\u1ea7u\"\n\t\t\t\t\taria-label=\"th\u00f4n b\u1ea7u\"\n\t\t\t><\/iframe>\n\t\t<\/div>\n\t\t\t\t<\/div>\n\t\t\t\t<\/div>\n\t\t\t\t\t\t<\/div>\n\t\t\t\t\t<\/div>\n\t\t<\/div>\n\t\t\t\t\t\t\t\t<\/div>\n\t\t\t\t\t<\/div>\n\t\t<\/section>\n\t\t\t\t\t\t\t\t\t<\/div>\n\t\t\t<\/div>\n\t\t\t\t\t<\/div>","protected":false},"excerpt":{"rendered":"<p>Previous Next L\u1ecaCH S\u1eecTH\u01af\u01a0NG HI\u1ec6U C\u00e1c cu\u1ed9c khai qu\u1eadt g\u1ed1m c\u1ed5 Luy L\u00e2u (hay c\u00f2n g\u1ecdi l\u00e0 g\u1ed1m D\u00e2u) \u1edf khu v\u1ef1c nh\u01b0 Nguy\u1ec7t \u0110\u1ee9c, Thanh Kh\u01b0\u01a1ng, B\u00e3i \u0110\u1ecbnh, B\u00e3i N\u1ed5i, H\u00e0 M\u00e3n\u2026thu\u1ed9c huy\u1ec7n Thu\u1eadn Th\u00e0nh \u0111\u00e3 cho th\u1ea5y n\u00e9t n\u1ed5i b\u1eadt c\u1ee7a d\u00f2ng g\u1ed1m n\u00e0y l\u00e0 m\u1ed9t lo\u1ea1i men l\u1ea1 m\u1eaft ph\u1ee7 m\u00e0u xanh &#8230; <a title=\"Trang ch\u1ee7\" class=\"read-more\" href=\"https:\/\/gomluylau.com\/en\/\" aria-label=\"More on Trang ch\u1ee7\">Read more<\/a><\/p>","protected":false},"author":1,"featured_media":0,"parent":0,"menu_order":0,"comment_status":"closed","ping_status":"closed","template":"elementor_header_footer","meta":[],"_links":{"self":[{"href":"https:\/\/gomluylau.com\/en\/index.php\/wp-json\/wp\/v2\/pages\/16"}],"collection":[{"href":"https:\/\/gomluylau.com\/en\/index.php\/wp-json\/wp\/v2\/pages"}],"about":[{"href":"https:\/\/gomluylau.com\/en\/index.php\/wp-json\/wp\/v2\/types\/page"}],"author":[{"embeddable":true,"href":"https:\/\/gomluylau.com\/en\/index.php\/wp-json\/wp\/v2\/users\/1"}],"replies":[{"embeddable":true,"href":"https:\/\/gomluylau.com\/en\/index.php\/wp-json\/wp\/v2\/comments?post=16"}],"version-history":[{"count":0,"href":"https:\/\/gomluylau.com\/en\/index.php\/wp-json\/wp\/v2\/pages\/16\/revisions"}],"wp:attachment":[{"href":"https:\/\/gomluylau.com\/en\/index.php\/wp-json\/wp\/v2\/media?parent=16"}],"curies":[{"name":"wp","href":"https:\/\/api.w.org\/{rel}","templated":true}]}}