{"id":605,"date":"2021-01-07T09:19:56","date_gmt":"2021-01-07T09:19:56","guid":{"rendered":"https:\/\/gomluylau.com\/?page_id=605"},"modified":"2021-07-16T07:20:47","modified_gmt":"2021-07-16T07:20:47","slug":"lien-he","status":"publish","type":"page","link":"https:\/\/gomluylau.com\/en\/index.php\/lien-he\/","title":{"rendered":"Li\u00ean h\u1ec7"},"content":{"rendered":"<div data-elementor-type=\"wp-page\" data-elementor-id=\"605\" class=\"elementor elementor-605\">\n\t\t\t\t\t\t<div class=\"elementor-inner\">\n\t\t\t\t<div class=\"elementor-section-wrap\">\n\t\t\t\t\t\t\t\t\t<section class=\"elementor-section elementor-top-section elementor-element elementor-element-187eee1 elementor-section-full_width elementor-section-height-default elementor-section-height-default\" data-id=\"187eee1\" data-element_type=\"section\">\n\t\t\t\t\t\t<div class=\"elementor-container elementor-column-gap-default\">\n\t\t\t\t\t\t\t<div class=\"elementor-row\">\n\t\t\t\t\t<div class=\"elementor-column elementor-col-100 elementor-top-column elementor-element elementor-element-eeac92b\" data-id=\"eeac92b\" data-element_type=\"column\">\n\t\t\t<div class=\"elementor-column-wrap elementor-element-populated\">\n\t\t\t\t\t\t\t<div class=\"elementor-widget-wrap\">\n\t\t\t\t\t\t<section class=\"elementor-section elementor-inner-section elementor-element elementor-element-9909e7b elementor-section-boxed elementor-section-height-default elementor-section-height-default\" data-id=\"9909e7b\" data-element_type=\"section\">\n\t\t\t\t\t\t<div class=\"elementor-container elementor-column-gap-default\">\n\t\t\t\t\t\t\t<div class=\"elementor-row\">\n\t\t\t\t\t<div class=\"elementor-column elementor-col-50 elementor-inner-column elementor-element elementor-element-ea7aedb\" data-id=\"ea7aedb\" data-element_type=\"column\">\n\t\t\t<div class=\"elementor-column-wrap elementor-element-populated\">\n\t\t\t\t\t\t\t<div class=\"elementor-widget-wrap\">\n\t\t\t\t\t\t<div class=\"elementor-element elementor-element-34c0b46 elementor-widget elementor-widget-heading\" data-id=\"34c0b46\" data-element_type=\"widget\" data-widget_type=\"heading.default\">\n\t\t\t\t<div class=\"elementor-widget-container\">\n\t\t\t<h2 class=\"elementor-heading-title elementor-size-default\">C\u00f4ng ty c\u1ed5 ph\u1ea7n g\u1ed1m c\u1ed5 Luy L\u00e2u<\/h2>\t\t<\/div>\n\t\t\t\t<\/div>\n\t\t\t\t<div class=\"elementor-element elementor-element-df3714f elementor-widget-divider--view-line elementor-widget elementor-widget-divider\" data-id=\"df3714f\" data-element_type=\"widget\" data-widget_type=\"divider.default\">\n\t\t\t\t<div class=\"elementor-widget-container\">\n\t\t\t\t\t<div class=\"elementor-divider\">\n\t\t\t<span class=\"elementor-divider-separator\">\n\t\t\t\t\t\t<\/span>\n\t\t<\/div>\n\t\t\t\t<\/div>\n\t\t\t\t<\/div>\n\t\t\t\t<div class=\"elementor-element elementor-element-ea95651 elementor-widget elementor-widget-text-editor\" data-id=\"ea95651\" data-element_type=\"widget\" data-widget_type=\"text-editor.default\">\n\t\t\t\t<div class=\"elementor-widget-container\">\n\t\t\t\t\t\t\t\t<div class=\"elementor-text-editor elementor-clearfix\">\n\t\t\t\t<p><strong style=\"font-size: 13.26px; letter-spacing: 0.76px;\">\u2022 VPGD:<\/strong><span style=\"font-size: 13.26px; letter-spacing: 0.76px;\">\u00a0\u0110\u1ed9i 4, Th\u00f4n B\u1ea7u, X\u00e3 Kim Chung, \u0110\u00f4ng Anh, H\u00e0 n\u1ed9i.<\/span><\/p><p><strong>\u2022 \u0110i\u1ec7n tho\u1ea1i:<\/strong> 0943 996 600<\/p><p><strong>\u2022 Email: <\/strong>info.luylau@gmail.com<\/p>\t\t\t\t\t<\/div>\n\t\t\t\t\t\t<\/div>\n\t\t\t\t<\/div>\n\t\t\t\t<div class=\"elementor-element elementor-element-f1edac7 elementor-widget elementor-widget-heading\" data-id=\"f1edac7\" data-element_type=\"widget\" data-widget_type=\"heading.default\">\n\t\t\t\t<div class=\"elementor-widget-container\">\n\t\t\t<h2 class=\"elementor-heading-title elementor-size-default\">Th\u00f4ng tin li\u00ean h\u1ec7<\/h2>\t\t<\/div>\n\t\t\t\t<\/div>\n\t\t\t\t<div class=\"elementor-element elementor-element-9d19a8b elementor-widget-divider--view-line elementor-widget elementor-widget-divider\" data-id=\"9d19a8b\" data-element_type=\"widget\" data-widget_type=\"divider.default\">\n\t\t\t\t<div class=\"elementor-widget-container\">\n\t\t\t\t\t<div class=\"elementor-divider\">\n\t\t\t<span class=\"elementor-divider-separator\">\n\t\t\t\t\t\t<\/span>\n\t\t<\/div>\n\t\t\t\t<\/div>\n\t\t\t\t<\/div>\n\t\t\t\t<div class=\"elementor-element elementor-element-331b4d6 elementor-widget elementor-widget-text-editor\" data-id=\"331b4d6\" data-element_type=\"widget\" data-widget_type=\"text-editor.default\">\n\t\t\t\t<div class=\"elementor-widget-container\">\n\t\t\t\t\t\t\t\t<div class=\"elementor-text-editor elementor-clearfix\">\n\t\t\t\t<p><strong>\u2022 B\u1ed9 Ph\u1eadn B\u00e1n H\u00e0ng<\/strong><br \/>\u0110i\u1ec7n tho\u1ea1i: 096 690 0002 &#8211; MR.H\u1ea3i<\/p><p><strong>\u2022 THAM QUAN X\u01af\u1edeNG SX &amp; SHOWROOM<\/strong><br \/>\u0110i\u1ec7n tho\u1ea1i: 094 609 6089 &#8211; MR.L\u00ea V\u0103n T\u00fa\u00a0<\/p><p><strong>\u2022 PKD &amp; PH\u00c1T TRI\u1ec2N \u0110\u1ea0I L\u00dd <\/strong><br \/>\u0110i\u1ec7n tho\u1ea1i: 098 202 1604 &#8211; Mrs. Nguy\u1ec5n Ph\u01b0\u01a1ng Hoa<\/p>\t\t\t\t\t<\/div>\n\t\t\t\t\t\t<\/div>\n\t\t\t\t<\/div>\n\t\t\t\t\t\t<\/div>\n\t\t\t\t\t<\/div>\n\t\t<\/div>\n\t\t\t\t<div class=\"elementor-column elementor-col-50 elementor-inner-column elementor-element elementor-element-ea77815\" data-id=\"ea77815\" data-element_type=\"column\">\n\t\t\t<div class=\"elementor-column-wrap elementor-element-populated\">\n\t\t\t\t\t\t\t<div class=\"elementor-widget-wrap\">\n\t\t\t\t\t\t<div class=\"elementor-element elementor-element-a6c5734 elementor-widget elementor-widget-heading\" data-id=\"a6c5734\" data-element_type=\"widget\" data-widget_type=\"heading.default\">\n\t\t\t\t<div class=\"elementor-widget-container\">\n\t\t\t<h2 class=\"elementor-heading-title elementor-size-default\">Li\u00ean h\u1ec7<\/h2>\t\t<\/div>\n\t\t\t\t<\/div>\n\t\t\t\t<div class=\"elementor-element elementor-element-4b75eef elementor-widget-divider--view-line elementor-widget elementor-widget-divider\" data-id=\"4b75eef\" data-element_type=\"widget\" data-widget_type=\"divider.default\">\n\t\t\t\t<div class=\"elementor-widget-container\">\n\t\t\t\t\t<div class=\"elementor-divider\">\n\t\t\t<span class=\"elementor-divider-separator\">\n\t\t\t\t\t\t<\/span>\n\t\t<\/div>\n\t\t\t\t<\/div>\n\t\t\t\t<\/div>\n\t\t\t\t<div class=\"elementor-element elementor-element-17f086c elementor-button-align-stretch elementor-widget elementor-widget-form\" data-id=\"17f086c\" data-element_type=\"widget\" data-settings=\"{&quot;step_next_label&quot;:&quot;Next&quot;,&quot;step_previous_label&quot;:&quot;Previous&quot;,&quot;button_width&quot;:&quot;20&quot;,&quot;step_type&quot;:&quot;number_text&quot;,&quot;step_icon_shape&quot;:&quot;circle&quot;}\" data-widget_type=\"form.default\">\n\t\t\t\t<div class=\"elementor-widget-container\">\n\t\t\t\t\t<form class=\"elementor-form\" method=\"post\" name=\"New Form\" action=\"\">\n\t\t\t<input type=\"hidden\" name=\"post_id\" value=\"605\"\/>\n\t\t\t<input type=\"hidden\" name=\"form_id\" value=\"17f086c\"\/>\n\n\t\t\t\n\t\t\t<div class=\"elementor-form-fields-wrapper elementor-labels-above\">\n\t\t\t\t\t\t\t\t<div class=\"elementor-field-type-text elementor-field-group elementor-column elementor-field-group-name elementor-col-100\">\n\t\t\t\t\t<input size=\"1\" type=\"text\" name=\"form_fields[name]\" id=\"form-field-name\" class=\"elementor-field elementor-size-sm  elementor-field-textual\" placeholder=\"T\u00ean c\u1ee7a b\u1ea1n\">\t\t\t\t<\/div>\n\t\t\t\t\t\t\t\t<div class=\"elementor-field-type-text elementor-field-group elementor-column elementor-field-group-field_d09040e elementor-col-100\">\n\t\t\t\t\t<input size=\"1\" type=\"text\" name=\"form_fields[field_d09040e]\" id=\"form-field-field_d09040e\" class=\"elementor-field elementor-size-sm  elementor-field-textual\" placeholder=\"S\u1ed1 \u0111i\u1ec7n tho\u1ea1i\">\t\t\t\t<\/div>\n\t\t\t\t\t\t\t\t<div class=\"elementor-field-type-email elementor-field-group elementor-column elementor-field-group-email elementor-col-100 elementor-field-required\">\n\t\t\t\t\t<input size=\"1\" type=\"email\" name=\"form_fields[email]\" id=\"form-field-email\" class=\"elementor-field elementor-size-sm  elementor-field-textual\" placeholder=\"Email\" required=\"required\" aria-required=\"true\">\t\t\t\t<\/div>\n\t\t\t\t\t\t\t\t<div class=\"elementor-field-type-textarea elementor-field-group elementor-column elementor-field-group-message elementor-col-100\">\n\t\t\t\t\t<textarea class=\"elementor-field-textual elementor-field  elementor-size-sm\" name=\"form_fields[message]\" id=\"form-field-message\" rows=\"4\" placeholder=\"Message\"><\/textarea>\t\t\t\t<\/div>\n\t\t\t\t\t\t\t\t<div class=\"elementor-field-group elementor-column elementor-field-type-submit elementor-col-20 e-form__buttons\">\n\t\t\t\t\t<button type=\"submit\" class=\"elementor-button elementor-size-sm\">\n\t\t\t\t\t\t<span >\n\t\t\t\t\t\t\t\t\t\t\t\t\t\t\t<span class=\"elementor-button-icon\">\n\t\t\t\t\t\t\t\t\t\t\t\t\t\t\t\t\t\t\t\t\t\t\t\t\t\t<\/span>\n\t\t\t\t\t\t\t\t\t\t\t\t\t\t\t\t\t\t\t\t\t\t<span class=\"elementor-button-text\">G\u1eedi<\/span>\n\t\t\t\t\t\t\t\t\t\t\t\t\t<\/span>\n\t\t\t\t\t<\/button>\n\t\t\t\t<\/div>\n\t\t\t<\/div>\n\t\t<input type=\"hidden\" name=\"trp-form-language\" value=\"en\"\/><\/form>\n\t\t\t\t<\/div>\n\t\t\t\t<\/div>\n\t\t\t\t\t\t<\/div>\n\t\t\t\t\t<\/div>\n\t\t<\/div>\n\t\t\t\t\t\t\t\t<\/div>\n\t\t\t\t\t<\/div>\n\t\t<\/section>\n\t\t\t\t\t\t<\/div>\n\t\t\t\t\t<\/div>\n\t\t<\/div>\n\t\t\t\t\t\t\t\t<\/div>\n\t\t\t\t\t<\/div>\n\t\t<\/section>\n\t\t\t\t\t\t\t\t\t<\/div>\n\t\t\t<\/div>\n\t\t\t\t\t<\/div>","protected":false},"excerpt":{"rendered":"<p>C\u00f4ng ty c\u1ed5 ph\u1ea7n g\u1ed1m c\u1ed5 Luy L\u00e2u \u2022 VPGD:\u00a0\u0110\u1ed9i 4, Th\u00f4n B\u1ea7u, X\u00e3 Kim Chung, \u0110\u00f4ng Anh, H\u00e0 n\u1ed9i. \u2022 \u0110i\u1ec7n tho\u1ea1i: 0943 996 600 \u2022 Email: info.luylau@gmail.com Th\u00f4ng tin li\u00ean h\u1ec7 \u2022 B\u1ed9 Ph\u1eadn B\u00e1n H\u00e0ng\u0110i\u1ec7n tho\u1ea1i: 096 690 0002 &#8211; MR.H\u1ea3i \u2022 THAM QUAN X\u01af\u1edeNG SX &amp; SHOWROOM\u0110i\u1ec7n tho\u1ea1i: 094 609 6089 &#8230; <a title=\"Li\u00ean h\u1ec7\" class=\"read-more\" href=\"https:\/\/gomluylau.com\/en\/index.php\/lien-he\/\" aria-label=\"More on Li\u00ean h\u1ec7\">Read more<\/a><\/p>","protected":false},"author":1,"featured_media":0,"parent":0,"menu_order":0,"comment_status":"closed","ping_status":"closed","template":"elementor_header_footer","meta":[],"_links":{"self":[{"href":"https:\/\/gomluylau.com\/en\/index.php\/wp-json\/wp\/v2\/pages\/605"}],"collection":[{"href":"https:\/\/gomluylau.com\/en\/index.php\/wp-json\/wp\/v2\/pages"}],"about":[{"href":"https:\/\/gomluylau.com\/en\/index.php\/wp-json\/wp\/v2\/types\/page"}],"author":[{"embeddable":true,"href":"https:\/\/gomluylau.com\/en\/index.php\/wp-json\/wp\/v2\/users\/1"}],"replies":[{"embeddable":true,"href":"https:\/\/gomluylau.com\/en\/index.php\/wp-json\/wp\/v2\/comments?post=605"}],"version-history":[{"count":0,"href":"https:\/\/gomluylau.com\/en\/index.php\/wp-json\/wp\/v2\/pages\/605\/revisions"}],"wp:attachment":[{"href":"https:\/\/gomluylau.com\/en\/index.php\/wp-json\/wp\/v2\/media?parent=605"}],"curies":[{"name":"wp","href":"https:\/\/api.w.org\/{rel}","templated":true}]}}