{"id":1135,"date":"2021-02-06T09:13:55","date_gmt":"2021-02-06T09:13:55","guid":{"rendered":"https:\/\/gomluylau.com\/?post_type=product&#038;p=1135"},"modified":"2022-05-03T07:12:40","modified_gmt":"2022-05-03T07:12:40","slug":"tranh-tu-quy","status":"publish","type":"product","link":"https:\/\/gomluylau.com\/en\/index.php\/product\/tranh-tu-quy\/","title":{"rendered":"Tranh T\u1ee9 Qu\u00fd"},"content":{"rendered":"<p>Thu\u1ed9c lo\u1ea1i tranh b\u1ed1n b\u1ee9c v\u1ebd c\u1ea3nh b\u1ed1n m\u00f9a: xu\u00e2n, h\u1ea1, thu, \u0111\u00f4ng. Ng\u01b0\u1eddi treo tranh t\u1ee9 qu\u00fd kh\u00f4ng ch\u1ec9 l\u00e0 \u0111\u1ec3 trang tr\u00ed m\u00e0 c\u00f2n mang nhi\u1ec1u \u00fd ngh\u0129a mong c\u1ea7u may m\u1eafn, ph\u00fa qu\u00fd, sung t\u00fac v\u00e0 mang c\u1ea3 nh\u1eefng y\u1ebfu t\u1ed1 phong th\u1ee7y trong \u0111\u00f3.<\/p>\n<p>M\u1ed7i b\u1ee9c tranh l\u00e0 m\u1ed9t lo\u00e0i c\u00e2y, lo\u00e0i hoa t\u01b0\u01a1ng \u1ee9ng \u0111\u1ea1i di\u1ec7n cho m\u1ed9t m\u00f9a trong n\u0103m. M\u00f9a xu\u00e2n: hoa mai, hoa lan, hoa \u0111\u00e0o. M\u00f9a h\u1ea1: c\u00e2y tr\u00fac, hoa sen, hoa h\u1ed3ng, hoa l\u1ef1u. M\u00f9a thu: hoa c\u00fac, hoa ph\u00f9 dung. M\u00f9a \u0111\u00f4ng: c\u00e2y th\u00f4ng (t\u00f9ng). M\u1ed7i lo\u00e0i hoa, lo\u00e0i c\u00e2y l\u1ea1i t\u01b0\u01a1ng \u1ee9ng v\u1edbi m\u1ed9t lo\u00e0i chim. V\u1ebd hoa \u1ea5y ph\u1ea3i \u0111i v\u1edbi chim \u1ea5y m\u1edbi l\u00e0 \u0111\u00fang quy t\u1eafc, \u0111\u00fang lu\u1eadt. Nh\u01b0 v\u1ebd hoa mai ph\u1ea3i v\u1ebd v\u1edbi chim kh\u1ed5ng t\u01b0\u1edbc (mai\/\u0111i\u1ec3u), hoa h\u1ed3ng v\u1edbi chim c\u00f4ng (h\u1ed3ng\/c\u00f4ng), hoa c\u00fac v\u1edbi g\u00e0 (k\u00ea\/c\u00fac), c\u00e2y th\u00f4ng v\u1edbi chim h\u1ea1c (t\u00f9ng\/h\u1ea1c)\u2026<\/p>","protected":false},"excerpt":{"rendered":"<p>Thu\u1ed9c lo\u1ea1i tranh b\u1ed1n b\u1ee9c v\u1ebd c\u1ea3nh b\u1ed1n m\u00f9a: xu\u00e2n, h\u1ea1, thu, \u0111\u00f4ng. Ng\u01b0\u1eddi treo tranh t\u1ee9 qu\u00fd kh\u00f4ng ch\u1ec9 l\u00e0 \u0111\u1ec3 trang tr\u00ed m\u00e0 c\u00f2n mang nhi\u1ec1u \u00fd ngh\u0129a mong c\u1ea7u may m\u1eafn, ph\u00fa qu\u00fd, sung t\u00fac v\u00e0 mang c\u1ea3 nh\u1eefng y\u1ebfu t\u1ed1 phong th\u1ee7y trong \u0111\u00f3. M\u1ed7i b\u1ee9c tranh l\u00e0 m\u1ed9t lo\u00e0i c\u00e2y, &#8230; <a title=\"Tranh T\u1ee9 Qu\u00fd\" class=\"read-more\" href=\"https:\/\/gomluylau.com\/en\/index.php\/product\/tranh-tu-quy\/\" aria-label=\"More on Tranh T\u1ee9 Qu\u00fd\">Read more<\/a><\/p>","protected":false},"featured_media":1906,"comment_status":"open","ping_status":"closed","template":"","meta":[],"_links":{"self":[{"href":"https:\/\/gomluylau.com\/en\/index.php\/wp-json\/wp\/v2\/product\/1135"}],"collection":[{"href":"https:\/\/gomluylau.com\/en\/index.php\/wp-json\/wp\/v2\/product"}],"about":[{"href":"https:\/\/gomluylau.com\/en\/index.php\/wp-json\/wp\/v2\/types\/product"}],"replies":[{"embeddable":true,"href":"https:\/\/gomluylau.com\/en\/index.php\/wp-json\/wp\/v2\/comments?post=1135"}],"wp:featuredmedia":[{"embeddable":true,"href":"https:\/\/gomluylau.com\/en\/index.php\/wp-json\/wp\/v2\/media\/1906"}],"wp:attachment":[{"href":"https:\/\/gomluylau.com\/en\/index.php\/wp-json\/wp\/v2\/media?parent=1135"}],"curies":[{"name":"wp","href":"https:\/\/api.w.org\/{rel}","templated":true}]}}