{"id":1147,"date":"2021-02-06T09:17:52","date_gmt":"2021-02-06T09:17:52","guid":{"rendered":"https:\/\/gomluylau.com\/?post_type=product&#038;p=1147"},"modified":"2022-04-12T16:57:41","modified_gmt":"2022-04-12T16:57:41","slug":"bat-huong","status":"publish","type":"product","link":"https:\/\/gomluylau.com\/en\/index.php\/product\/bat-huong\/","title":{"rendered":"B\u00e1t H\u01b0\u01a1ng"},"content":{"rendered":"<p>B\u00e1t h\u01b0\u01a1ng g\u1ed1m Luy L\u00e2u v\u1edbi h\u1ecda ti\u1ebft \u201cL\u01b0\u1ee1ng long ch\u1ea7u nguy\u1ec7t\u201d, ch\u1ec9 c\u1eb7p r\u1ed3ng ch\u1ea7u v\u00e0o m\u1eb7t nguy\u1ec7t t\u01b0\u1ee3ng tr\u01b0ng cho s\u1ef1 quy t\u1ee5 s\u1ee9c m\u1ea1nh thi\u00eang li\u00eang, ph\u00f2 tr\u1ee3 cho s\u1ef1 giao h\u00f2a, t\u01b0\u01a1ng sinh, t\u01b0\u01a1ng h\u1ee3p c\u1ee7a \u00e2m d\u01b0\u01a1ng ng\u0169 h\u00e0nh, cho s\u1ef1 s\u1ed1ng v\u00e0 s\u1ef1 sinh s\u00f4i, h\u00f2a h\u1ee3p v\u1edbi \u0111\u1ea5t tr\u1eddi.<\/p>\n<p>Ch\u1ea5t li\u1ec7u l\u00e0m t\u1eeb g\u1ed1m c\u1ed5 \u0111\u1eb7c tr\u01b0ng v\u00f9ng Luy L\u00e2u \u0111\u01b0\u1ee3c nung \u1edf nhi\u1ec7t \u0111\u1ed9 t\u1eeb 900-1050 \u0111\u1ed9 C. M\u00e0u men c\u1ed5 \u0111\u01b0\u1ee3c ph\u1ee5c d\u1ef1ng t\u1ea1o c\u1ea3m gi\u00e1c tr\u1ea7m m\u1eb7c, c\u1ed5 k\u00ednh.<\/p>","protected":false},"excerpt":{"rendered":"<p>B\u00e1t h\u01b0\u01a1ng g\u1ed1m Luy L\u00e2u v\u1edbi h\u1ecda ti\u1ebft \u201cL\u01b0\u1ee1ng long ch\u1ea7u nguy\u1ec7t\u201d, ch\u1ec9 c\u1eb7p r\u1ed3ng ch\u1ea7u v\u00e0o m\u1eb7t nguy\u1ec7t t\u01b0\u1ee3ng tr\u01b0ng cho s\u1ef1 quy t\u1ee5 s\u1ee9c m\u1ea1nh thi\u00eang li\u00eang, ph\u00f2 tr\u1ee3 cho s\u1ef1 giao h\u00f2a, t\u01b0\u01a1ng sinh, t\u01b0\u01a1ng h\u1ee3p c\u1ee7a \u00e2m d\u01b0\u01a1ng ng\u0169 h\u00e0nh, cho s\u1ef1 s\u1ed1ng v\u00e0 s\u1ef1 sinh s\u00f4i, h\u00f2a h\u1ee3p v\u1edbi \u0111\u1ea5t &#8230; <a title=\"B\u00e1t H\u01b0\u01a1ng\" class=\"read-more\" href=\"https:\/\/gomluylau.com\/en\/index.php\/product\/bat-huong\/\" aria-label=\"More on B\u00e1t H\u01b0\u01a1ng\">Read more<\/a><\/p>","protected":false},"featured_media":1567,"comment_status":"open","ping_status":"closed","template":"","meta":[],"_links":{"self":[{"href":"https:\/\/gomluylau.com\/en\/index.php\/wp-json\/wp\/v2\/product\/1147"}],"collection":[{"href":"https:\/\/gomluylau.com\/en\/index.php\/wp-json\/wp\/v2\/product"}],"about":[{"href":"https:\/\/gomluylau.com\/en\/index.php\/wp-json\/wp\/v2\/types\/product"}],"replies":[{"embeddable":true,"href":"https:\/\/gomluylau.com\/en\/index.php\/wp-json\/wp\/v2\/comments?post=1147"}],"wp:featuredmedia":[{"embeddable":true,"href":"https:\/\/gomluylau.com\/en\/index.php\/wp-json\/wp\/v2\/media\/1567"}],"wp:attachment":[{"href":"https:\/\/gomluylau.com\/en\/index.php\/wp-json\/wp\/v2\/media?parent=1147"}],"curies":[{"name":"wp","href":"https:\/\/api.w.org\/{rel}","templated":true}]}}