{"id":1182,"date":"2021-05-17T07:34:56","date_gmt":"2021-05-17T07:34:56","guid":{"rendered":"https:\/\/gomluylau.com\/?post_type=product&#038;p=1182"},"modified":"2022-05-03T06:54:07","modified_gmt":"2022-05-03T06:54:07","slug":"tuong-ngu-phuc-lam-mon","status":"publish","type":"product","link":"https:\/\/gomluylau.com\/en\/index.php\/product\/tuong-ngu-phuc-lam-mon\/","title":{"rendered":"T\u01b0\u1ee3ng Ng\u0169 Ph\u00fac L\u00e2m M\u00f4n"},"content":{"rendered":"<p><img loading=\"lazy\" class=\"alignnone size-full wp-image-1183\" src=\"https:\/\/gomluylau.com\/wp-content\/uploads\/2021\/05\/KZI_9988-scaled.jpg\" alt=\"\" width=\"2560\" height=\"1707\" srcset=\"https:\/\/gomluylau.com\/wp-content\/uploads\/2021\/05\/KZI_9988-scaled.jpg 2560w, https:\/\/gomluylau.com\/wp-content\/uploads\/2021\/05\/KZI_9988-300x200.jpg 300w, https:\/\/gomluylau.com\/wp-content\/uploads\/2021\/05\/KZI_9988-1024x683.jpg 1024w, https:\/\/gomluylau.com\/wp-content\/uploads\/2021\/05\/KZI_9988-768x512.jpg 768w, https:\/\/gomluylau.com\/wp-content\/uploads\/2021\/05\/KZI_9988-1536x1024.jpg 1536w, https:\/\/gomluylau.com\/wp-content\/uploads\/2021\/05\/KZI_9988-2048x1365.jpg 2048w, https:\/\/gomluylau.com\/wp-content\/uploads\/2021\/05\/KZI_9988-16x12.jpg 16w, https:\/\/gomluylau.com\/wp-content\/uploads\/2021\/05\/KZI_9988-600x400.jpg 600w\" sizes=\"(max-width: 2560px) 100vw, 2560px\" \/><\/p>","protected":false},"excerpt":{"rendered":"","protected":false},"featured_media":1877,"comment_status":"open","ping_status":"closed","template":"","meta":[],"_links":{"self":[{"href":"https:\/\/gomluylau.com\/en\/index.php\/wp-json\/wp\/v2\/product\/1182"}],"collection":[{"href":"https:\/\/gomluylau.com\/en\/index.php\/wp-json\/wp\/v2\/product"}],"about":[{"href":"https:\/\/gomluylau.com\/en\/index.php\/wp-json\/wp\/v2\/types\/product"}],"replies":[{"embeddable":true,"href":"https:\/\/gomluylau.com\/en\/index.php\/wp-json\/wp\/v2\/comments?post=1182"}],"wp:featuredmedia":[{"embeddable":true,"href":"https:\/\/gomluylau.com\/en\/index.php\/wp-json\/wp\/v2\/media\/1877"}],"wp:attachment":[{"href":"https:\/\/gomluylau.com\/en\/index.php\/wp-json\/wp\/v2\/media?parent=1182"}],"curies":[{"name":"wp","href":"https:\/\/api.w.org\/{rel}","templated":true}]}}