{"id":1290,"date":"2021-06-30T10:04:24","date_gmt":"2021-06-30T10:04:24","guid":{"rendered":"https:\/\/gomluylau.com\/?post_type=product&#038;p=1290"},"modified":"2022-05-19T04:25:03","modified_gmt":"2022-05-19T04:25:03","slug":"binh-nhan-van","status":"publish","type":"product","link":"https:\/\/gomluylau.com\/en\/index.php\/product\/binh-nhan-van\/","title":{"rendered":"B\u00ecnh V\u0103n Nh\u00e2n Nguy\u1ec5n Du"},"content":{"rendered":"","protected":false},"excerpt":{"rendered":"","protected":false},"featured_media":1764,"comment_status":"open","ping_status":"closed","template":"","meta":[],"_links":{"self":[{"href":"https:\/\/gomluylau.com\/en\/index.php\/wp-json\/wp\/v2\/product\/1290"}],"collection":[{"href":"https:\/\/gomluylau.com\/en\/index.php\/wp-json\/wp\/v2\/product"}],"about":[{"href":"https:\/\/gomluylau.com\/en\/index.php\/wp-json\/wp\/v2\/types\/product"}],"replies":[{"embeddable":true,"href":"https:\/\/gomluylau.com\/en\/index.php\/wp-json\/wp\/v2\/comments?post=1290"}],"wp:featuredmedia":[{"embeddable":true,"href":"https:\/\/gomluylau.com\/en\/index.php\/wp-json\/wp\/v2\/media\/1764"}],"wp:attachment":[{"href":"https:\/\/gomluylau.com\/en\/index.php\/wp-json\/wp\/v2\/media?parent=1290"}],"curies":[{"name":"wp","href":"https:\/\/api.w.org\/{rel}","templated":true}]}}