{"id":1344,"date":"2021-07-01T08:10:45","date_gmt":"2021-07-01T08:10:45","guid":{"rendered":"https:\/\/gomluylau.com\/?post_type=product&#038;p=1344"},"modified":"2022-05-03T06:55:09","modified_gmt":"2022-05-03T06:55:09","slug":"phat-ba-quan-am-nghin-mat-nghin-tay","status":"publish","type":"product","link":"https:\/\/gomluylau.com\/en\/index.php\/product\/phat-ba-quan-am-nghin-mat-nghin-tay\/","title":{"rendered":"Ph\u1eadt B\u00e0 Quan \u00c2m Ngh\u00ecn M\u1eaft Ngh\u00ecn Tay"},"content":{"rendered":"","protected":false},"excerpt":{"rendered":"","protected":false},"featured_media":1881,"comment_status":"open","ping_status":"closed","template":"","meta":[],"_links":{"self":[{"href":"https:\/\/gomluylau.com\/en\/index.php\/wp-json\/wp\/v2\/product\/1344"}],"collection":[{"href":"https:\/\/gomluylau.com\/en\/index.php\/wp-json\/wp\/v2\/product"}],"about":[{"href":"https:\/\/gomluylau.com\/en\/index.php\/wp-json\/wp\/v2\/types\/product"}],"replies":[{"embeddable":true,"href":"https:\/\/gomluylau.com\/en\/index.php\/wp-json\/wp\/v2\/comments?post=1344"}],"wp:featuredmedia":[{"embeddable":true,"href":"https:\/\/gomluylau.com\/en\/index.php\/wp-json\/wp\/v2\/media\/1881"}],"wp:attachment":[{"href":"https:\/\/gomluylau.com\/en\/index.php\/wp-json\/wp\/v2\/media?parent=1344"}],"curies":[{"name":"wp","href":"https:\/\/api.w.org\/{rel}","templated":true}]}}