{"id":1370,"date":"2021-11-12T09:02:03","date_gmt":"2021-11-12T09:02:03","guid":{"rendered":"https:\/\/gomluylau.com\/?post_type=product&#038;p=1370"},"modified":"2022-05-03T05:32:29","modified_gmt":"2022-05-03T05:32:29","slug":"that-bao-nha-tran","status":"publish","type":"product","link":"https:\/\/gomluylau.com\/en\/index.php\/product\/that-bao-nha-tran\/","title":{"rendered":"Th\u1ea5t B\u1ea3o Nh\u00e0 Tr\u1ea7n"},"content":{"rendered":"<p>H\u00ecnh \u1ea3nh l\u1ee3n, s\u00e1ch v\u1edf, b\u00fat nghi\u00ean mang \u00fd ngh\u0129a c\u00f4ng danh \u0111\u1ed7 \u0111\u1ea1t, r\u1ea1ng danh, ph\u00e1t t\u00e0i. S\u1ea3n ph\u1ea9m \u0111\u01b0\u1ee3c ch\u1ebf t\u00e1c t\u1ec9 m\u1ec9, tinh x\u1ea3o tr\u00ean n\u1ec1n ch\u1ea5t li\u1ec7u g\u1ed1m c\u1ed5 \u0111\u1eb7c tr\u01b0ng v\u00f9ng Luy L\u00e2u, m\u00e0u men n\u00e2u \u0111\u1ecf, \u0111\u01b0\u1ee3c nung \u1edf nhi\u1ec7t \u0111\u1ed9 t\u1eeb 900-1050 \u0111\u1ed9 C. S\u1ea3n ph\u1ea9m \u0111\u01b0\u1ee3c s\u1eed d\u1ee5ng \u0111\u1ec3 tr\u01b0ng b\u00e0y, l\u00e0m qu\u00e0 t\u1eb7ng.<\/p>","protected":false},"excerpt":{"rendered":"<p>H\u00ecnh \u1ea3nh l\u1ee3n, s\u00e1ch v\u1edf, b\u00fat nghi\u00ean mang \u00fd ngh\u0129a c\u00f4ng danh \u0111\u1ed7 \u0111\u1ea1t, r\u1ea1ng danh, ph\u00e1t t\u00e0i. S\u1ea3n ph\u1ea9m \u0111\u01b0\u1ee3c ch\u1ebf t\u00e1c t\u1ec9 m\u1ec9, tinh x\u1ea3o tr\u00ean n\u1ec1n ch\u1ea5t li\u1ec7u g\u1ed1m c\u1ed5 \u0111\u1eb7c tr\u01b0ng v\u00f9ng Luy L\u00e2u, m\u00e0u men n\u00e2u \u0111\u1ecf, \u0111\u01b0\u1ee3c nung \u1edf nhi\u1ec7t \u0111\u1ed9 t\u1eeb 900-1050 \u0111\u1ed9 C. S\u1ea3n ph\u1ea9m \u0111\u01b0\u1ee3c s\u1eed &#8230; <a title=\"Th\u1ea5t B\u1ea3o Nh\u00e0 Tr\u1ea7n\" class=\"read-more\" href=\"https:\/\/gomluylau.com\/en\/index.php\/product\/that-bao-nha-tran\/\" aria-label=\"More on Th\u1ea5t B\u1ea3o Nh\u00e0 Tr\u1ea7n\">Read more<\/a><\/p>","protected":false},"featured_media":1816,"comment_status":"open","ping_status":"closed","template":"","meta":[],"_links":{"self":[{"href":"https:\/\/gomluylau.com\/en\/index.php\/wp-json\/wp\/v2\/product\/1370"}],"collection":[{"href":"https:\/\/gomluylau.com\/en\/index.php\/wp-json\/wp\/v2\/product"}],"about":[{"href":"https:\/\/gomluylau.com\/en\/index.php\/wp-json\/wp\/v2\/types\/product"}],"replies":[{"embeddable":true,"href":"https:\/\/gomluylau.com\/en\/index.php\/wp-json\/wp\/v2\/comments?post=1370"}],"wp:featuredmedia":[{"embeddable":true,"href":"https:\/\/gomluylau.com\/en\/index.php\/wp-json\/wp\/v2\/media\/1816"}],"wp:attachment":[{"href":"https:\/\/gomluylau.com\/en\/index.php\/wp-json\/wp\/v2\/media?parent=1370"}],"curies":[{"name":"wp","href":"https:\/\/api.w.org\/{rel}","templated":true}]}}