{"id":1493,"date":"2021-12-23T08:28:03","date_gmt":"2021-12-23T08:28:03","guid":{"rendered":"https:\/\/gomluylau.com\/?post_type=product&#038;p=1493"},"modified":"2022-04-12T18:15:21","modified_gmt":"2022-04-12T18:15:21","slug":"binh-phuc-xuan","status":"publish","type":"product","link":"https:\/\/gomluylau.com\/en\/index.php\/product\/binh-phuc-xuan\/","title":{"rendered":"B\u00ecnh Ph\u00fac Xu\u00e2n"},"content":{"rendered":"","protected":false},"excerpt":{"rendered":"","protected":false},"featured_media":1716,"comment_status":"open","ping_status":"closed","template":"","meta":[],"_links":{"self":[{"href":"https:\/\/gomluylau.com\/en\/index.php\/wp-json\/wp\/v2\/product\/1493"}],"collection":[{"href":"https:\/\/gomluylau.com\/en\/index.php\/wp-json\/wp\/v2\/product"}],"about":[{"href":"https:\/\/gomluylau.com\/en\/index.php\/wp-json\/wp\/v2\/types\/product"}],"replies":[{"embeddable":true,"href":"https:\/\/gomluylau.com\/en\/index.php\/wp-json\/wp\/v2\/comments?post=1493"}],"wp:featuredmedia":[{"embeddable":true,"href":"https:\/\/gomluylau.com\/en\/index.php\/wp-json\/wp\/v2\/media\/1716"}],"wp:attachment":[{"href":"https:\/\/gomluylau.com\/en\/index.php\/wp-json\/wp\/v2\/media?parent=1493"}],"curies":[{"name":"wp","href":"https:\/\/api.w.org\/{rel}","templated":true}]}}