{"id":1589,"date":"2022-04-12T17:12:02","date_gmt":"2022-04-12T17:12:02","guid":{"rendered":"https:\/\/gomluylau.com\/?post_type=product&#038;p=1589"},"modified":"2022-04-12T17:12:03","modified_gmt":"2022-04-12T17:12:03","slug":"binh-bach-dieu-quan-dao","status":"publish","type":"product","link":"https:\/\/gomluylau.com\/en\/index.php\/product\/binh-bach-dieu-quan-dao\/","title":{"rendered":"B\u00ecnh B\u00e1ch \u0110i\u1ec3u Qu\u1ea7n \u0110\u00e0o"},"content":{"rendered":"","protected":false},"excerpt":{"rendered":"","protected":false},"featured_media":1577,"comment_status":"open","ping_status":"closed","template":"","meta":[],"_links":{"self":[{"href":"https:\/\/gomluylau.com\/en\/index.php\/wp-json\/wp\/v2\/product\/1589"}],"collection":[{"href":"https:\/\/gomluylau.com\/en\/index.php\/wp-json\/wp\/v2\/product"}],"about":[{"href":"https:\/\/gomluylau.com\/en\/index.php\/wp-json\/wp\/v2\/types\/product"}],"replies":[{"embeddable":true,"href":"https:\/\/gomluylau.com\/en\/index.php\/wp-json\/wp\/v2\/comments?post=1589"}],"wp:featuredmedia":[{"embeddable":true,"href":"https:\/\/gomluylau.com\/en\/index.php\/wp-json\/wp\/v2\/media\/1577"}],"wp:attachment":[{"href":"https:\/\/gomluylau.com\/en\/index.php\/wp-json\/wp\/v2\/media?parent=1589"}],"curies":[{"name":"wp","href":"https:\/\/api.w.org\/{rel}","templated":true}]}}