{"id":1636,"date":"2022-04-12T17:44:13","date_gmt":"2022-04-12T17:44:13","guid":{"rendered":"https:\/\/gomluylau.com\/?post_type=product&#038;p=1636"},"modified":"2022-05-19T04:33:34","modified_gmt":"2022-05-19T04:33:34","slug":"binh-hut-loc","status":"publish","type":"product","link":"https:\/\/gomluylau.com\/en\/index.php\/product\/binh-hut-loc\/","title":{"rendered":"B\u00ecnh V\u0103n Nh\u00e2n Nguy\u1ec5n Du"},"content":{"rendered":"","protected":false},"excerpt":{"rendered":"","protected":false},"featured_media":1632,"comment_status":"open","ping_status":"closed","template":"","meta":[],"_links":{"self":[{"href":"https:\/\/gomluylau.com\/en\/index.php\/wp-json\/wp\/v2\/product\/1636"}],"collection":[{"href":"https:\/\/gomluylau.com\/en\/index.php\/wp-json\/wp\/v2\/product"}],"about":[{"href":"https:\/\/gomluylau.com\/en\/index.php\/wp-json\/wp\/v2\/types\/product"}],"replies":[{"embeddable":true,"href":"https:\/\/gomluylau.com\/en\/index.php\/wp-json\/wp\/v2\/comments?post=1636"}],"wp:featuredmedia":[{"embeddable":true,"href":"https:\/\/gomluylau.com\/en\/index.php\/wp-json\/wp\/v2\/media\/1632"}],"wp:attachment":[{"href":"https:\/\/gomluylau.com\/en\/index.php\/wp-json\/wp\/v2\/media?parent=1636"}],"curies":[{"name":"wp","href":"https:\/\/api.w.org\/{rel}","templated":true}]}}