{"id":1736,"date":"2022-04-12T18:22:57","date_gmt":"2022-04-12T18:22:57","guid":{"rendered":"https:\/\/gomluylau.com\/?post_type=product&#038;p=1736"},"modified":"2022-04-12T18:22:57","modified_gmt":"2022-04-12T18:22:57","slug":"binh-tra-dao","status":"publish","type":"product","link":"https:\/\/gomluylau.com\/en\/index.php\/product\/binh-tra-dao\/","title":{"rendered":"B\u00ecnh Tr\u00e0 \u0110\u00e0o"},"content":{"rendered":"","protected":false},"excerpt":{"rendered":"","protected":false},"featured_media":1737,"comment_status":"open","ping_status":"closed","template":"","meta":[],"_links":{"self":[{"href":"https:\/\/gomluylau.com\/en\/index.php\/wp-json\/wp\/v2\/product\/1736"}],"collection":[{"href":"https:\/\/gomluylau.com\/en\/index.php\/wp-json\/wp\/v2\/product"}],"about":[{"href":"https:\/\/gomluylau.com\/en\/index.php\/wp-json\/wp\/v2\/types\/product"}],"replies":[{"embeddable":true,"href":"https:\/\/gomluylau.com\/en\/index.php\/wp-json\/wp\/v2\/comments?post=1736"}],"wp:featuredmedia":[{"embeddable":true,"href":"https:\/\/gomluylau.com\/en\/index.php\/wp-json\/wp\/v2\/media\/1737"}],"wp:attachment":[{"href":"https:\/\/gomluylau.com\/en\/index.php\/wp-json\/wp\/v2\/media?parent=1736"}],"curies":[{"name":"wp","href":"https:\/\/api.w.org\/{rel}","templated":true}]}}