{"id":302,"date":"2021-01-02T07:17:34","date_gmt":"2021-01-02T07:17:34","guid":{"rendered":"https:\/\/gomluylau.com\/?post_type=product&#038;p=302"},"modified":"2022-05-03T06:13:30","modified_gmt":"2022-05-03T06:13:30","slug":"phuc-lien-hoa","status":"publish","type":"product","link":"https:\/\/gomluylau.com\/en\/index.php\/product\/phuc-lien-hoa\/","title":{"rendered":"Ph\u00fac Li\u00ean Hoa"},"content":{"rendered":"<p>H\u00ecnh \u1ea3nh hoa sen n\u1eb1m ch\u00ednh gi\u1eefa ph\u1ea7n th\u00e2n b\u00ecnh, bi\u1ec3u tr\u01b0ng cho nh\u1eefng gi\u00e1 tr\u1ecb \u0111\u1ea1o \u0111\u1ee9c, s\u1ef1 thu\u1ea7n khi\u1ebft v\u00e0 th\u00e1nh thi\u1ec7n. S\u1ea3n ph\u1ea9m \u0111\u01b0\u1ee3c ch\u1ebf t\u00e1c t\u1ec9 m\u1ec9, tinh x\u1ea3o tr\u00ean n\u1ec1n ch\u1ea5t li\u1ec7u g\u1ed1m c\u1ed5 \u0111\u1eb7c tr\u01b0ng v\u00f9ng Luy L\u00e2u, m\u00e0u men n\u00e2u \u0111\u1ecf, \u0111\u01b0\u1ee3c nung \u1edf nhi\u1ec7t \u0111\u1ed9 t\u1eeb 900-1050 \u0111\u1ed9 C. S\u1ea3n ph\u1ea9m \u0111\u01b0\u1ee3c s\u1eed d\u1ee5ng \u0111\u1ec3 tr\u01b0ng b\u00e0y, l\u00e0m qu\u00e0 t\u1eb7ng.<\/p>","protected":false},"excerpt":{"rendered":"<p>H\u00ecnh \u1ea3nh hoa sen n\u1eb1m ch\u00ednh gi\u1eefa ph\u1ea7n th\u00e2n b\u00ecnh, bi\u1ec3u tr\u01b0ng cho nh\u1eefng gi\u00e1 tr\u1ecb \u0111\u1ea1o \u0111\u1ee9c, s\u1ef1 thu\u1ea7n khi\u1ebft v\u00e0 th\u00e1nh thi\u1ec7n. S\u1ea3n ph\u1ea9m \u0111\u01b0\u1ee3c ch\u1ebf t\u00e1c t\u1ec9 m\u1ec9, tinh x\u1ea3o tr\u00ean n\u1ec1n ch\u1ea5t li\u1ec7u g\u1ed1m c\u1ed5 \u0111\u1eb7c tr\u01b0ng v\u00f9ng Luy L\u00e2u, m\u00e0u men n\u00e2u \u0111\u1ecf, \u0111\u01b0\u1ee3c nung \u1edf nhi\u1ec7t \u0111\u1ed9 t\u1eeb 900-1050 &#8230; <a title=\"Ph\u00fac Li\u00ean Hoa\" class=\"read-more\" href=\"https:\/\/gomluylau.com\/en\/index.php\/product\/phuc-lien-hoa\/\" aria-label=\"More on Ph\u00fac Li\u00ean Hoa\">Read more<\/a><\/p>","protected":false},"featured_media":1846,"comment_status":"open","ping_status":"closed","template":"","meta":[],"_links":{"self":[{"href":"https:\/\/gomluylau.com\/en\/index.php\/wp-json\/wp\/v2\/product\/302"}],"collection":[{"href":"https:\/\/gomluylau.com\/en\/index.php\/wp-json\/wp\/v2\/product"}],"about":[{"href":"https:\/\/gomluylau.com\/en\/index.php\/wp-json\/wp\/v2\/types\/product"}],"replies":[{"embeddable":true,"href":"https:\/\/gomluylau.com\/en\/index.php\/wp-json\/wp\/v2\/comments?post=302"}],"wp:featuredmedia":[{"embeddable":true,"href":"https:\/\/gomluylau.com\/en\/index.php\/wp-json\/wp\/v2\/media\/1846"}],"wp:attachment":[{"href":"https:\/\/gomluylau.com\/en\/index.php\/wp-json\/wp\/v2\/media?parent=302"}],"curies":[{"name":"wp","href":"https:\/\/api.w.org\/{rel}","templated":true}]}}