{"id":317,"date":"2021-01-02T07:21:37","date_gmt":"2021-01-02T07:21:37","guid":{"rendered":"https:\/\/gomluylau.com\/?post_type=product&#038;p=317"},"modified":"2022-05-03T05:31:10","modified_gmt":"2022-05-03T05:31:10","slug":"ngoc-binh","status":"publish","type":"product","link":"https:\/\/gomluylau.com\/en\/index.php\/product\/ngoc-binh\/","title":{"rendered":"Ng\u1ecdc B\u00ecnh ( NB 03 )"},"content":{"rendered":"<p>V\u1edbi bi\u1ec3u t\u01b0\u1ee3ng Th\u00e1p H\u00f2a Phong (Ch\u00f9a D\u00e2u), \u0110\u1ea7u r\u1ed3ng th\u1eddi L\u00fd, t\u1ee9 linh Long ly quy ph\u1ee5ng, Vua L\u00ea Th\u00e1nh T\u00f4ng \u0111\u1ec1 ch\u1eef tr\u00ean n\u00fai B\u00e0i Th\u01a1, hai ch\u1eef \u201cPh\u00fac-Th\u1ecd\u201d, Ng\u1ecdc b\u00ecnh l\u00e0m t\u1eeb g\u1ed1m Luy L\u00e2u l\u00e0 t\u00e1c ph\u1ea9m ti\u00eau bi\u1ec3u k\u1ebft tinh s\u1ef1 kh\u00e9o l\u00e9o c\u1ee7a ngh\u00ea nh\u00e2n v\u1edbi n\u1ec1n v\u0103n h\u00f3a l\u1ecbch s\u1eed \u0111\u1eb7c s\u1eafc, h\u00e0o h\u00f9ng c\u1ee7a ng\u01b0\u1eddi Vi\u1ec7t Nam.<\/p>\n<p>S\u1ea3n ph\u1ea9m \u0111\u01b0\u1ee3c ch\u1ebf t\u00e1c t\u1eeb g\u1ed1m \u0111\u1eb7c tr\u01b0ng v\u00f9ng Luy L\u00e2u, \u0111\u01b0\u1ee3c nung \u1edf nhi\u1ec7t \u0111\u1ed9 t\u1eeb 900-1050 \u0111\u1ed9 C, \u0111\u01b0\u1ee3c s\u1eed d\u1ee5ng \u0111\u1ec3 tr\u01b0ng b\u00e0y, l\u00e0m qu\u00e0 t\u1eb7ng.<\/p>","protected":false},"excerpt":{"rendered":"<p>V\u1edbi bi\u1ec3u t\u01b0\u1ee3ng Th\u00e1p H\u00f2a Phong (Ch\u00f9a D\u00e2u), \u0110\u1ea7u r\u1ed3ng th\u1eddi L\u00fd, t\u1ee9 linh Long ly quy ph\u1ee5ng, Vua L\u00ea Th\u00e1nh T\u00f4ng \u0111\u1ec1 ch\u1eef tr\u00ean n\u00fai B\u00e0i Th\u01a1, hai ch\u1eef \u201cPh\u00fac-Th\u1ecd\u201d, Ng\u1ecdc b\u00ecnh l\u00e0m t\u1eeb g\u1ed1m Luy L\u00e2u l\u00e0 t\u00e1c ph\u1ea9m ti\u00eau bi\u1ec3u k\u1ebft tinh s\u1ef1 kh\u00e9o l\u00e9o c\u1ee7a ngh\u00ea nh\u00e2n v\u1edbi n\u1ec1n v\u0103n h\u00f3a &#8230; <a title=\"Ng\u1ecdc B\u00ecnh ( NB 03 )\" class=\"read-more\" href=\"https:\/\/gomluylau.com\/en\/index.php\/product\/ngoc-binh\/\" aria-label=\"More on Ng\u1ecdc B\u00ecnh ( NB 03 )\">Read more<\/a><\/p>","protected":false},"featured_media":1815,"comment_status":"open","ping_status":"closed","template":"","meta":[],"_links":{"self":[{"href":"https:\/\/gomluylau.com\/en\/index.php\/wp-json\/wp\/v2\/product\/317"}],"collection":[{"href":"https:\/\/gomluylau.com\/en\/index.php\/wp-json\/wp\/v2\/product"}],"about":[{"href":"https:\/\/gomluylau.com\/en\/index.php\/wp-json\/wp\/v2\/types\/product"}],"replies":[{"embeddable":true,"href":"https:\/\/gomluylau.com\/en\/index.php\/wp-json\/wp\/v2\/comments?post=317"}],"wp:featuredmedia":[{"embeddable":true,"href":"https:\/\/gomluylau.com\/en\/index.php\/wp-json\/wp\/v2\/media\/1815"}],"wp:attachment":[{"href":"https:\/\/gomluylau.com\/en\/index.php\/wp-json\/wp\/v2\/media?parent=317"}],"curies":[{"name":"wp","href":"https:\/\/api.w.org\/{rel}","templated":true}]}}