{"id":349,"date":"2021-01-02T07:28:51","date_gmt":"2021-01-02T07:28:51","guid":{"rendered":"https:\/\/gomluylau.com\/?post_type=product&#038;p=349"},"modified":"2022-05-03T07:01:52","modified_gmt":"2022-05-03T07:01:52","slug":"ky-lan-tong-tu","status":"publish","type":"product","link":"https:\/\/gomluylau.com\/en\/index.php\/product\/ky-lan-tong-tu\/","title":{"rendered":"K\u1ef3 l\u00e2n t\u1ed1ng t\u1eed"},"content":{"rendered":"<p>K\u1ef3 l\u00e2n t\u1ed1ng t\u1eed l\u00e0 th\u00fa th\u1ea7n t\u1eb7ng con, n\u00ean trong t\u01b0\u1ee3ng c\u00f3 m\u1ed9t \u0111\u1ee9a tr\u1ebb c\u01b0\u1ee1i tr\u00ean l\u01b0ng k\u1ef3 l\u00e2n, trong tay c\u1ea7m m\u1ed9t \u0111\u00f3a hoa sen, bi\u1ec3u th\u1ecb sinh li\u1ec1n qu\u00fd t\u1eed. Bi\u1ec3u t\u01b0\u1ee3ng k\u1ef3 l\u00e2n \u0111\u1eb7t t\u1ea1i ph\u01b0\u01a1ng v\u1ecb t\u00e0i kh\u00ed trong nh\u00e0, c\u00f3 th\u1ec3 \u0111em \u0111\u1ebfn t\u00e0i v\u1eadn cho gia \u0111\u00ecnh.<\/p>\n<p>S\u1ea3n ph\u1ea9m \u0111\u01b0\u1ee3c ch\u1ebf t\u00e1c t\u1eeb g\u1ed1m \u0111\u1eb7c tr\u01b0ng v\u00f9ng Luy L\u00e2u, \u0111\u01b0\u1ee3c nung \u1edf nhi\u1ec7t \u0111\u1ed9 t\u1eeb 900-1050 \u0111\u1ed9 C, \u0111\u01b0\u1ee3c s\u1eed d\u1ee5ng \u0111\u1ec3 tr\u01b0ng b\u00e0y, l\u00e0m qu\u00e0 t\u1eb7ng.<\/p>","protected":false},"excerpt":{"rendered":"<p>K\u1ef3 l\u00e2n t\u1ed1ng t\u1eed l\u00e0 th\u00fa th\u1ea7n t\u1eb7ng con, n\u00ean trong t\u01b0\u1ee3ng c\u00f3 m\u1ed9t \u0111\u1ee9a tr\u1ebb c\u01b0\u1ee1i tr\u00ean l\u01b0ng k\u1ef3 l\u00e2n, trong tay c\u1ea7m m\u1ed9t \u0111\u00f3a hoa sen, bi\u1ec3u th\u1ecb sinh li\u1ec1n qu\u00fd t\u1eed. Bi\u1ec3u t\u01b0\u1ee3ng k\u1ef3 l\u00e2n \u0111\u1eb7t t\u1ea1i ph\u01b0\u01a1ng v\u1ecb t\u00e0i kh\u00ed trong nh\u00e0, c\u00f3 th\u1ec3 \u0111em \u0111\u1ebfn t\u00e0i v\u1eadn cho gia \u0111\u00ecnh. &#8230; <a title=\"K\u1ef3 l\u00e2n t\u1ed1ng t\u1eed\" class=\"read-more\" href=\"https:\/\/gomluylau.com\/en\/index.php\/product\/ky-lan-tong-tu\/\" aria-label=\"More on K\u1ef3 l\u00e2n t\u1ed1ng t\u1eed\">Read more<\/a><\/p>","protected":false},"featured_media":1898,"comment_status":"open","ping_status":"closed","template":"","meta":[],"_links":{"self":[{"href":"https:\/\/gomluylau.com\/en\/index.php\/wp-json\/wp\/v2\/product\/349"}],"collection":[{"href":"https:\/\/gomluylau.com\/en\/index.php\/wp-json\/wp\/v2\/product"}],"about":[{"href":"https:\/\/gomluylau.com\/en\/index.php\/wp-json\/wp\/v2\/types\/product"}],"replies":[{"embeddable":true,"href":"https:\/\/gomluylau.com\/en\/index.php\/wp-json\/wp\/v2\/comments?post=349"}],"wp:featuredmedia":[{"embeddable":true,"href":"https:\/\/gomluylau.com\/en\/index.php\/wp-json\/wp\/v2\/media\/1898"}],"wp:attachment":[{"href":"https:\/\/gomluylau.com\/en\/index.php\/wp-json\/wp\/v2\/media?parent=349"}],"curies":[{"name":"wp","href":"https:\/\/api.w.org\/{rel}","templated":true}]}}