{"id":364,"date":"2021-01-02T07:32:53","date_gmt":"2021-01-02T07:32:53","guid":{"rendered":"https:\/\/gomluylau.com\/?post_type=product&#038;p=364"},"modified":"2022-05-19T04:39:55","modified_gmt":"2022-05-19T04:39:55","slug":"giang-son-nhat-thong","status":"publish","type":"product","link":"https:\/\/gomluylau.com\/en\/index.php\/product\/giang-son-nhat-thong\/","title":{"rendered":"Giang s\u01a1n nh\u1ea5t th\u1ed1ng"},"content":{"rendered":"<p>V\u1edbi m\u00e0u men n\u00e2u v\u00e0ng, h\u1ecda ti\u1ebft v\u0103n t\u1ef1 c\u1ed5, t\u1ee9 linh long l\u00e2n quy ph\u1ee5ng, s\u1ea3n ph\u1ea9m th\u1ed1ng l\u00e0m t\u1eeb g\u1ed1m Luy L\u00e2u c\u00f3 gi\u00e1 tr\u1ecb tr\u01b0ng b\u00e0y, s\u01b0u t\u1ea7m cao.<\/p>","protected":false},"excerpt":{"rendered":"<p>V\u1edbi m\u00e0u men n\u00e2u v\u00e0ng, h\u1ecda ti\u1ebft v\u0103n t\u1ef1 c\u1ed5, t\u1ee9 linh long l\u00e2n quy ph\u1ee5ng, s\u1ea3n ph\u1ea9m th\u1ed1ng l\u00e0m t\u1eeb g\u1ed1m Luy L\u00e2u c\u00f3 gi\u00e1 tr\u1ecb tr\u01b0ng b\u00e0y, s\u01b0u t\u1ea7m cao.<\/p>","protected":false},"featured_media":1808,"comment_status":"open","ping_status":"closed","template":"","meta":[],"_links":{"self":[{"href":"https:\/\/gomluylau.com\/en\/index.php\/wp-json\/wp\/v2\/product\/364"}],"collection":[{"href":"https:\/\/gomluylau.com\/en\/index.php\/wp-json\/wp\/v2\/product"}],"about":[{"href":"https:\/\/gomluylau.com\/en\/index.php\/wp-json\/wp\/v2\/types\/product"}],"replies":[{"embeddable":true,"href":"https:\/\/gomluylau.com\/en\/index.php\/wp-json\/wp\/v2\/comments?post=364"}],"wp:featuredmedia":[{"embeddable":true,"href":"https:\/\/gomluylau.com\/en\/index.php\/wp-json\/wp\/v2\/media\/1808"}],"wp:attachment":[{"href":"https:\/\/gomluylau.com\/en\/index.php\/wp-json\/wp\/v2\/media?parent=364"}],"curies":[{"name":"wp","href":"https:\/\/api.w.org\/{rel}","templated":true}]}}