{"id":370,"date":"2021-01-02T07:33:57","date_gmt":"2021-01-02T07:33:57","guid":{"rendered":"https:\/\/gomluylau.com\/?post_type=product&#038;p=370"},"modified":"2022-05-03T07:01:39","modified_gmt":"2022-05-03T07:01:39","slug":"den-nguoi-hinh-co","status":"publish","type":"product","link":"https:\/\/gomluylau.com\/en\/index.php\/product\/den-nguoi-hinh-co\/","title":{"rendered":"\u0110\u00e8n ng\u01b0\u1eddi h\u00ecnh c\u1ed5"},"content":{"rendered":"<p>H\u00ecnh \u1ea3nh chi\u1ebfc \u0111\u00e8n v\u0129nh c\u1eedu h\u00ecnh ng\u01b0\u1eddi nhi\u1ec1u tay. K\u1ebft h\u1ee3p v\u1edbi m\u00e0u men c\u1ed5 n\u00e2u \u0111\u1ecf, \u00f4liu xanh \u0111\u1eb7c tr\u01b0ng g\u1ed1m Luy L\u00e2u \u0111\u00e3 t\u1ea1o ra s\u1ea3n ph\u1ea9m ma m\u1ecb, \u0111\u1ea7y h\u1ea5p l\u1ef1c, v\u1eeba c\u1ed5 k\u00ednh v\u1eeba b\u00ed \u1ea9n.<\/p>\n<p>S\u1ea3n ph\u1ea9m d\u00f9ng \u0111\u1ec3 tr\u01b0ng b\u00e0y, ho\u1eb7c th\u1eafp n\u1ebfn.<\/p>","protected":false},"excerpt":{"rendered":"<p>H\u00ecnh \u1ea3nh chi\u1ebfc \u0111\u00e8n v\u0129nh c\u1eedu h\u00ecnh ng\u01b0\u1eddi nhi\u1ec1u tay. K\u1ebft h\u1ee3p v\u1edbi m\u00e0u men c\u1ed5 n\u00e2u \u0111\u1ecf, \u00f4liu xanh \u0111\u1eb7c tr\u01b0ng g\u1ed1m Luy L\u00e2u \u0111\u00e3 t\u1ea1o ra s\u1ea3n ph\u1ea9m ma m\u1ecb, \u0111\u1ea7y h\u1ea5p l\u1ef1c, v\u1eeba c\u1ed5 k\u00ednh v\u1eeba b\u00ed \u1ea9n. S\u1ea3n ph\u1ea9m d\u00f9ng \u0111\u1ec3 tr\u01b0ng b\u00e0y, ho\u1eb7c th\u1eafp n\u1ebfn.<\/p>","protected":false},"featured_media":1897,"comment_status":"open","ping_status":"closed","template":"","meta":[],"_links":{"self":[{"href":"https:\/\/gomluylau.com\/en\/index.php\/wp-json\/wp\/v2\/product\/370"}],"collection":[{"href":"https:\/\/gomluylau.com\/en\/index.php\/wp-json\/wp\/v2\/product"}],"about":[{"href":"https:\/\/gomluylau.com\/en\/index.php\/wp-json\/wp\/v2\/types\/product"}],"replies":[{"embeddable":true,"href":"https:\/\/gomluylau.com\/en\/index.php\/wp-json\/wp\/v2\/comments?post=370"}],"wp:featuredmedia":[{"embeddable":true,"href":"https:\/\/gomluylau.com\/en\/index.php\/wp-json\/wp\/v2\/media\/1897"}],"wp:attachment":[{"href":"https:\/\/gomluylau.com\/en\/index.php\/wp-json\/wp\/v2\/media?parent=370"}],"curies":[{"name":"wp","href":"https:\/\/api.w.org\/{rel}","templated":true}]}}