{"id":376,"date":"2021-01-02T07:34:48","date_gmt":"2021-01-02T07:34:48","guid":{"rendered":"https:\/\/gomluylau.com\/?post_type=product&#038;p=376"},"modified":"2022-05-03T05:20:47","modified_gmt":"2022-05-03T05:20:47","slug":"de-nhat-dong","status":"publish","type":"product","link":"https:\/\/gomluylau.com\/en\/index.php\/product\/de-nhat-dong\/","title":{"rendered":"\u0110\u1ec7 nh\u1ea5t \u0111\u1ed9ng"},"content":{"rendered":"<p>S\u1ea3n ph\u1ea9m t\u00e1i hi\u1ec7n nh\u1eefng k\u1ef3 quan trong \u201c\u0110\u1ec7 nh\u1ea5t \u0111\u1ed9ng\u201d, g\u1ed3m th\u00e1p trong n\u00fai, th\u00e1c n\u01b0\u1edbc, ti\u00ean \u00f4ng \u0111\u00e1nh c\u1edd, th\u1ea3m th\u1ef1c v\u1eadt phong ph\u00fa, \u0111a d\u1ea1ng.<\/p>\n<p>S\u1ea3n ph\u1ea9m \u0111\u01b0\u1ee3c ch\u1ebf t\u00e1c t\u1eeb g\u1ed1m \u0111\u1eb7c tr\u01b0ng v\u00f9ng Luy L\u00e2u, \u0111\u01b0\u1ee3c nung \u1edf nhi\u1ec7t \u0111\u1ed9 t\u1eeb 900-1050 \u0111\u1ed9 C, \u0111\u01b0\u1ee3c s\u1eed d\u1ee5ng \u0111\u1ec3 tr\u01b0ng b\u00e0y s\u00e2n v\u01b0\u1eddn.<\/p>","protected":false},"excerpt":{"rendered":"<p>S\u1ea3n ph\u1ea9m t\u00e1i hi\u1ec7n nh\u1eefng k\u1ef3 quan trong \u201c\u0110\u1ec7 nh\u1ea5t \u0111\u1ed9ng\u201d, g\u1ed3m th\u00e1p trong n\u00fai, th\u00e1c n\u01b0\u1edbc, ti\u00ean \u00f4ng \u0111\u00e1nh c\u1edd, th\u1ea3m th\u1ef1c v\u1eadt phong ph\u00fa, \u0111a d\u1ea1ng. S\u1ea3n ph\u1ea9m \u0111\u01b0\u1ee3c ch\u1ebf t\u00e1c t\u1eeb g\u1ed1m \u0111\u1eb7c tr\u01b0ng v\u00f9ng Luy L\u00e2u, \u0111\u01b0\u1ee3c nung \u1edf nhi\u1ec7t \u0111\u1ed9 t\u1eeb 900-1050 \u0111\u1ed9 C, \u0111\u01b0\u1ee3c s\u1eed d\u1ee5ng \u0111\u1ec3 tr\u01b0ng b\u00e0y &#8230; <a title=\"\u0110\u1ec7 nh\u1ea5t \u0111\u1ed9ng\" class=\"read-more\" href=\"https:\/\/gomluylau.com\/en\/index.php\/product\/de-nhat-dong\/\" aria-label=\"More on \u0110\u1ec7 nh\u1ea5t \u0111\u1ed9ng\">Read more<\/a><\/p>","protected":false},"featured_media":1807,"comment_status":"open","ping_status":"closed","template":"","meta":[],"_links":{"self":[{"href":"https:\/\/gomluylau.com\/en\/index.php\/wp-json\/wp\/v2\/product\/376"}],"collection":[{"href":"https:\/\/gomluylau.com\/en\/index.php\/wp-json\/wp\/v2\/product"}],"about":[{"href":"https:\/\/gomluylau.com\/en\/index.php\/wp-json\/wp\/v2\/types\/product"}],"replies":[{"embeddable":true,"href":"https:\/\/gomluylau.com\/en\/index.php\/wp-json\/wp\/v2\/comments?post=376"}],"wp:featuredmedia":[{"embeddable":true,"href":"https:\/\/gomluylau.com\/en\/index.php\/wp-json\/wp\/v2\/media\/1807"}],"wp:attachment":[{"href":"https:\/\/gomluylau.com\/en\/index.php\/wp-json\/wp\/v2\/media?parent=376"}],"curies":[{"name":"wp","href":"https:\/\/api.w.org\/{rel}","templated":true}]}}