{"id":386,"date":"2021-01-02T07:41:36","date_gmt":"2021-01-02T07:41:36","guid":{"rendered":"https:\/\/gomluylau.com\/?post_type=product&#038;p=386"},"modified":"2022-05-03T05:14:01","modified_gmt":"2022-05-03T05:14:01","slug":"cot-gom","status":"publish","type":"product","link":"https:\/\/gomluylau.com\/en\/index.php\/product\/cot-gom\/","title":{"rendered":"C\u1ed9t g\u1ed1m"},"content":{"rendered":"<p>\u0110\u00e2y l\u00e0 s\u1ea3n ph\u1ea9m ti\u00eau bi\u1ec3u c\u1ee7a th\u01b0\u01a1ng hi\u1ec7u g\u1ed1m c\u1ed5 Luy L\u00e2u. T\u1eeb xa x\u01b0a, c\u00e1c c\u1ed9t n\u00e0y kh\u00f4ng \u0111\u01b0\u1ee3c ch\u1ebf t\u00e1c t\u1eeb g\u1ed1m, song v\u1edbi c\u00f4ng ngh\u1ec7 ng\u00e0y nay \u0111\u00e3 c\u00f3 th\u1ec3. G\u1ed1m Luy L\u00e2u l\u00e0 \u0111\u01a1n v\u1ecb \u0111\u1ea7u ti\u00ean th\u1ef1c hi\u1ec7n s\u1ea3n ph\u1ea9m n\u00e0y b\u1eb1ng g\u1ed1m, v\u1edbi 4 m\u1eb7t long, l\u00e2n, quy, ph\u1ee5ng. S\u1ea3n ph\u1ea9m ph\u00f9 h\u1ee3p v\u1edbi c\u00e1c c\u00f4ng tr\u00ecnh ph\u1eadt gi\u00e1o, \u0111\u00f2i h\u1ecfi t\u00ednh th\u1ea9m m\u1ef9, \u0111\u1ed9 b\u1ec1n cao.<\/p>","protected":false},"excerpt":{"rendered":"<p>\u0110\u00e2y l\u00e0 s\u1ea3n ph\u1ea9m ti\u00eau bi\u1ec3u c\u1ee7a th\u01b0\u01a1ng hi\u1ec7u g\u1ed1m c\u1ed5 Luy L\u00e2u. T\u1eeb xa x\u01b0a, c\u00e1c c\u1ed9t n\u00e0y kh\u00f4ng \u0111\u01b0\u1ee3c ch\u1ebf t\u00e1c t\u1eeb g\u1ed1m, song v\u1edbi c\u00f4ng ngh\u1ec7 ng\u00e0y nay \u0111\u00e3 c\u00f3 th\u1ec3. G\u1ed1m Luy L\u00e2u l\u00e0 \u0111\u01a1n v\u1ecb \u0111\u1ea7u ti\u00ean th\u1ef1c hi\u1ec7n s\u1ea3n ph\u1ea9m n\u00e0y b\u1eb1ng g\u1ed1m, v\u1edbi 4 m\u1eb7t long, l\u00e2n, quy, &#8230; <a title=\"C\u1ed9t g\u1ed1m\" class=\"read-more\" href=\"https:\/\/gomluylau.com\/en\/index.php\/product\/cot-gom\/\" aria-label=\"More on C\u1ed9t g\u1ed1m\">Read more<\/a><\/p>","protected":false},"featured_media":1804,"comment_status":"open","ping_status":"closed","template":"","meta":[],"_links":{"self":[{"href":"https:\/\/gomluylau.com\/en\/index.php\/wp-json\/wp\/v2\/product\/386"}],"collection":[{"href":"https:\/\/gomluylau.com\/en\/index.php\/wp-json\/wp\/v2\/product"}],"about":[{"href":"https:\/\/gomluylau.com\/en\/index.php\/wp-json\/wp\/v2\/types\/product"}],"replies":[{"embeddable":true,"href":"https:\/\/gomluylau.com\/en\/index.php\/wp-json\/wp\/v2\/comments?post=386"}],"wp:featuredmedia":[{"embeddable":true,"href":"https:\/\/gomluylau.com\/en\/index.php\/wp-json\/wp\/v2\/media\/1804"}],"wp:attachment":[{"href":"https:\/\/gomluylau.com\/en\/index.php\/wp-json\/wp\/v2\/media?parent=386"}],"curies":[{"name":"wp","href":"https:\/\/api.w.org\/{rel}","templated":true}]}}