{"id":394,"date":"2021-01-02T07:42:21","date_gmt":"2021-01-02T07:42:21","guid":{"rendered":"https:\/\/gomluylau.com\/?post_type=product&#038;p=394"},"modified":"2022-05-03T07:02:33","modified_gmt":"2022-05-03T07:02:33","slug":"chan-trau","status":"publish","type":"product","link":"https:\/\/gomluylau.com\/en\/index.php\/product\/chan-trau\/","title":{"rendered":"Ch\u0103n tr\u00e2u"},"content":{"rendered":"<p>H\u00ecnh \u1ea3nh ch\u00fa b\u00e9 c\u01b0\u1ee1i tr\u00e2u \u0111\u1ecdc s\u00e1ch r\u1ea5t \u0111\u1ed7i th\u00e2n quen, g\u1eafn li\u1ec1n v\u1edbi n\u1ec1n v\u0103n h\u00f3a l\u00faa n\u01b0\u1edbc d\u00e2n gian, c\u00e1c b\u00e0i h\u00e1t \u0111\u1ed3ng dao nh\u1eb9 nh\u00e0ng, s\u1ea3ng kho\u00e1i. T\u01b0\u1ee3ng \u0111\u01b0\u1ee3c l\u00e0m t\u1eeb ch\u1ea5t li\u1ec7u g\u1ed1m \u0111\u1eb7c tr\u01b0ng v\u00f9ng Luy L\u00e2u, \u0111\u01b0\u1ee3c nung \u1edf nhi\u1ec7t \u0111\u1ed9 t\u1eeb 900-1050 \u0111\u1ed9 C, g\u1ee3i nh\u1edb nh\u1eefng gi\u00e1 tr\u1ecb v\u0103n h\u00f3a truy\u1ec1n th\u1ed1ng.<\/p>","protected":false},"excerpt":{"rendered":"<p>H\u00ecnh \u1ea3nh ch\u00fa b\u00e9 c\u01b0\u1ee1i tr\u00e2u \u0111\u1ecdc s\u00e1ch r\u1ea5t \u0111\u1ed7i th\u00e2n quen, g\u1eafn li\u1ec1n v\u1edbi n\u1ec1n v\u0103n h\u00f3a l\u00faa n\u01b0\u1edbc d\u00e2n gian, c\u00e1c b\u00e0i h\u00e1t \u0111\u1ed3ng dao nh\u1eb9 nh\u00e0ng, s\u1ea3ng kho\u00e1i. T\u01b0\u1ee3ng \u0111\u01b0\u1ee3c l\u00e0m t\u1eeb ch\u1ea5t li\u1ec7u g\u1ed1m \u0111\u1eb7c tr\u01b0ng v\u00f9ng Luy L\u00e2u, \u0111\u01b0\u1ee3c nung \u1edf nhi\u1ec7t \u0111\u1ed9 t\u1eeb 900-1050 \u0111\u1ed9 C, g\u1ee3i nh\u1edb nh\u1eefng &#8230; <a title=\"Ch\u0103n tr\u00e2u\" class=\"read-more\" href=\"https:\/\/gomluylau.com\/en\/index.php\/product\/chan-trau\/\" aria-label=\"More on Ch\u0103n tr\u00e2u\">Read more<\/a><\/p>","protected":false},"featured_media":1902,"comment_status":"open","ping_status":"closed","template":"","meta":[],"_links":{"self":[{"href":"https:\/\/gomluylau.com\/en\/index.php\/wp-json\/wp\/v2\/product\/394"}],"collection":[{"href":"https:\/\/gomluylau.com\/en\/index.php\/wp-json\/wp\/v2\/product"}],"about":[{"href":"https:\/\/gomluylau.com\/en\/index.php\/wp-json\/wp\/v2\/types\/product"}],"replies":[{"embeddable":true,"href":"https:\/\/gomluylau.com\/en\/index.php\/wp-json\/wp\/v2\/comments?post=394"}],"wp:featuredmedia":[{"embeddable":true,"href":"https:\/\/gomluylau.com\/en\/index.php\/wp-json\/wp\/v2\/media\/1902"}],"wp:attachment":[{"href":"https:\/\/gomluylau.com\/en\/index.php\/wp-json\/wp\/v2\/media?parent=394"}],"curies":[{"name":"wp","href":"https:\/\/api.w.org\/{rel}","templated":true}]}}