{"id":408,"date":"2021-01-02T07:45:40","date_gmt":"2021-01-02T07:45:40","guid":{"rendered":"https:\/\/gomluylau.com\/?post_type=product&#038;p=408"},"modified":"2022-05-03T05:54:21","modified_gmt":"2022-05-03T05:54:21","slug":"binh-tien-ong-danh-co","status":"publish","type":"product","link":"https:\/\/gomluylau.com\/en\/index.php\/product\/binh-tien-ong-danh-co\/","title":{"rendered":"B\u00ecnh ti\u00ean \u00f4ng \u0111\u00e1nh c\u1edd"},"content":{"rendered":"<p>T\u00edch ti\u00ean \u00f4ng lu\u1eadn c\u1edd mang h\u00e0m \u00fd s\u00e2u xa, n\u00f3i v\u1ec1 lu\u1eadt nh\u00e2n qu\u1ea3 khi b\u1ea1n l\u00e0m vi\u1ec7c t\u1ed1t s\u1ebd nh\u1eadn \u0111\u01b0\u1ee3c qu\u1ea3 ng\u1ecdt. C\u00e2y t\u00f9ng b\u00ean c\u1ea1nh l\u00e0 bi\u1ec3u t\u01b0\u1ee3ng cho s\u1ef1 tr\u01b0\u1eddng th\u1ecd, n\u1ed9i l\u1ef1c v\u00e0 l\u00f2ng ki\u00ean \u0111\u1ecbnh.<\/p>\n<p>S\u1ea3n ph\u1ea9m c\u00f3 m\u00e0u men \u0111\u1eb7c tr\u01b0ng v\u00f9ng \u0111\u1ea5t c\u1ed5 Luy L\u00e2u, c\u00f3 th\u1ec3 tr\u01b0ng b\u00e0y \u1edf ph\u00f2ng kh\u00e1ch, \u0111em l\u1ea1i s\u1ee9c kh\u1ecfe, s\u1ef1 an l\u00e0nh cho gia ch\u1ee7.<\/p>","protected":false},"excerpt":{"rendered":"<p>T\u00edch ti\u00ean \u00f4ng lu\u1eadn c\u1edd mang h\u00e0m \u00fd s\u00e2u xa, n\u00f3i v\u1ec1 lu\u1eadt nh\u00e2n qu\u1ea3 khi b\u1ea1n l\u00e0m vi\u1ec7c t\u1ed1t s\u1ebd nh\u1eadn \u0111\u01b0\u1ee3c qu\u1ea3 ng\u1ecdt. C\u00e2y t\u00f9ng b\u00ean c\u1ea1nh l\u00e0 bi\u1ec3u t\u01b0\u1ee3ng cho s\u1ef1 tr\u01b0\u1eddng th\u1ecd, n\u1ed9i l\u1ef1c v\u00e0 l\u00f2ng ki\u00ean \u0111\u1ecbnh. S\u1ea3n ph\u1ea9m c\u00f3 m\u00e0u men \u0111\u1eb7c tr\u01b0ng v\u00f9ng \u0111\u1ea5t c\u1ed5 Luy L\u00e2u, c\u00f3 &#8230; <a title=\"B\u00ecnh ti\u00ean \u00f4ng \u0111\u00e1nh c\u1edd\" class=\"read-more\" href=\"https:\/\/gomluylau.com\/en\/index.php\/product\/binh-tien-ong-danh-co\/\" aria-label=\"More on B\u00ecnh ti\u00ean \u00f4ng \u0111\u00e1nh c\u1edd\">Read more<\/a><\/p>","protected":false},"featured_media":1835,"comment_status":"open","ping_status":"closed","template":"","meta":[],"_links":{"self":[{"href":"https:\/\/gomluylau.com\/en\/index.php\/wp-json\/wp\/v2\/product\/408"}],"collection":[{"href":"https:\/\/gomluylau.com\/en\/index.php\/wp-json\/wp\/v2\/product"}],"about":[{"href":"https:\/\/gomluylau.com\/en\/index.php\/wp-json\/wp\/v2\/types\/product"}],"replies":[{"embeddable":true,"href":"https:\/\/gomluylau.com\/en\/index.php\/wp-json\/wp\/v2\/comments?post=408"}],"wp:featuredmedia":[{"embeddable":true,"href":"https:\/\/gomluylau.com\/en\/index.php\/wp-json\/wp\/v2\/media\/1835"}],"wp:attachment":[{"href":"https:\/\/gomluylau.com\/en\/index.php\/wp-json\/wp\/v2\/media?parent=408"}],"curies":[{"name":"wp","href":"https:\/\/api.w.org\/{rel}","templated":true}]}}