{"id":463,"date":"2021-01-03T04:04:52","date_gmt":"2021-01-03T04:04:52","guid":{"rendered":"https:\/\/gomluylau.com\/?post_type=product&#038;p=463"},"modified":"2022-05-03T05:54:03","modified_gmt":"2022-05-03T05:54:03","slug":"binh-tien-rong","status":"publish","type":"product","link":"https:\/\/gomluylau.com\/en\/index.php\/product\/binh-tien-rong\/","title":{"rendered":"B\u00ecnh ti\u00ean r\u1ed3ng"},"content":{"rendered":"<p>C\u1ed5 v\u00e0 \u0111\u1ea7u b\u00ecnh \u0111\u01b0\u1ee3c c\u00e1ch \u0111i\u1ec7u b\u1edfi hai h\u00ecnh \u1ea3nh \u00c2u C\u01a1, L\u1ea1c Long Qu\u00e2n, \u1edf gi\u1eefa n\u1eafp b\u00ecnh l\u00e0 \u0111\u1ea7u r\u1ed3ng, bi\u1ec3u t\u01b0\u1ee3ng cho ngu\u1ed3n g\u1ed1c \u201cCon r\u1ed3ng ch\u00e1u ti\u00ean\u201d c\u1ee7a d\u00e2n t\u1ed9c Vi\u1ec7t.<\/p>\n<p>B\u00ecnh \u0111\u01b0\u1ee3c l\u00e0m t\u1eeb ch\u1ea5t li\u1ec7u g\u1ed1m c\u1ed5 \u0111\u1eb7c tr\u01b0ng v\u00f9ng Luy L\u00e2u, \u0111\u01b0\u1ee3c nung \u1edf nhi\u1ec7t \u0111\u1ed9 t\u1eeb 900-1050 \u0111\u1ed9 C.<\/p>","protected":false},"excerpt":{"rendered":"<p>C\u1ed5 v\u00e0 \u0111\u1ea7u b\u00ecnh \u0111\u01b0\u1ee3c c\u00e1ch \u0111i\u1ec7u b\u1edfi hai h\u00ecnh \u1ea3nh \u00c2u C\u01a1, L\u1ea1c Long Qu\u00e2n, \u1edf gi\u1eefa n\u1eafp b\u00ecnh l\u00e0 \u0111\u1ea7u r\u1ed3ng, bi\u1ec3u t\u01b0\u1ee3ng cho ngu\u1ed3n g\u1ed1c \u201cCon r\u1ed3ng ch\u00e1u ti\u00ean\u201d c\u1ee7a d\u00e2n t\u1ed9c Vi\u1ec7t. B\u00ecnh \u0111\u01b0\u1ee3c l\u00e0m t\u1eeb ch\u1ea5t li\u1ec7u g\u1ed1m c\u1ed5 \u0111\u1eb7c tr\u01b0ng v\u00f9ng Luy L\u00e2u, \u0111\u01b0\u1ee3c nung \u1edf nhi\u1ec7t \u0111\u1ed9 t\u1eeb &#8230; <a title=\"B\u00ecnh ti\u00ean r\u1ed3ng\" class=\"read-more\" href=\"https:\/\/gomluylau.com\/en\/index.php\/product\/binh-tien-rong\/\" aria-label=\"More on B\u00ecnh ti\u00ean r\u1ed3ng\">Read more<\/a><\/p>","protected":false},"featured_media":1826,"comment_status":"open","ping_status":"closed","template":"","meta":[],"_links":{"self":[{"href":"https:\/\/gomluylau.com\/en\/index.php\/wp-json\/wp\/v2\/product\/463"}],"collection":[{"href":"https:\/\/gomluylau.com\/en\/index.php\/wp-json\/wp\/v2\/product"}],"about":[{"href":"https:\/\/gomluylau.com\/en\/index.php\/wp-json\/wp\/v2\/types\/product"}],"replies":[{"embeddable":true,"href":"https:\/\/gomluylau.com\/en\/index.php\/wp-json\/wp\/v2\/comments?post=463"}],"wp:featuredmedia":[{"embeddable":true,"href":"https:\/\/gomluylau.com\/en\/index.php\/wp-json\/wp\/v2\/media\/1826"}],"wp:attachment":[{"href":"https:\/\/gomluylau.com\/en\/index.php\/wp-json\/wp\/v2\/media?parent=463"}],"curies":[{"name":"wp","href":"https:\/\/api.w.org\/{rel}","templated":true}]}}