{"id":491,"date":"2021-01-03T04:32:34","date_gmt":"2021-01-03T04:32:34","guid":{"rendered":"https:\/\/gomluylau.com\/?post_type=product&#038;p=491"},"modified":"2022-05-03T05:40:04","modified_gmt":"2022-05-03T05:40:04","slug":"binh-dao-tien","status":"publish","type":"product","link":"https:\/\/gomluylau.com\/en\/index.php\/product\/binh-dao-tien\/","title":{"rendered":"B\u00ecnh \u0110\u00e0o Ti\u00ean"},"content":{"rendered":"<p>B\u00ecnh c\u00e1ch \u0111i\u00eau tay c\u1ea7m h\u00ecnh c\u00e2y \u0111\u00e0o ti\u00ean, mang \u00fd ngh\u0129a sung t\u00fac, \u0111\u1ec1 hu\u1ec1 ph\u00e1t t\u00e0i ph\u00e1t l\u1ed9c cho gia ch\u1ee7. \u0110i\u1ec3m \u0111\u1eb7c bi\u1ec7t l\u00e0 b\u00ecnh c\u00f3 2 m\u00e0u men c\u1ed5 \u0111\u1eb7c tr\u01b0ng v\u00f9ng luy l\u00e2u: Ph\u00eda tr\u00ean m\u00e0u g\u1ea1ch n\u00e2u tr\u1ea7m \u1ea5m, ph\u00eda d\u01b0\u1edbi m\u00e0u xanh \u00f4liu trang nh\u00e3 mang l\u1ea1i c\u1ea3m gi\u00e1c h\u00e0i h\u00f2a, \u0111\u1ed9c \u0111\u00e1o.<\/p>","protected":false},"excerpt":{"rendered":"<p>B\u00ecnh c\u00e1ch \u0111i\u00eau tay c\u1ea7m h\u00ecnh c\u00e2y \u0111\u00e0o ti\u00ean, mang \u00fd ngh\u0129a sung t\u00fac, \u0111\u1ec1 hu\u1ec1 ph\u00e1t t\u00e0i ph\u00e1t l\u1ed9c cho gia ch\u1ee7. \u0110i\u1ec3m \u0111\u1eb7c bi\u1ec7t l\u00e0 b\u00ecnh c\u00f3 2 m\u00e0u men c\u1ed5 \u0111\u1eb7c tr\u01b0ng v\u00f9ng luy l\u00e2u: Ph\u00eda tr\u00ean m\u00e0u g\u1ea1ch n\u00e2u tr\u1ea7m \u1ea5m, ph\u00eda d\u01b0\u1edbi m\u00e0u xanh \u00f4liu trang nh\u00e3 mang l\u1ea1i c\u1ea3m &#8230; <a title=\"B\u00ecnh \u0110\u00e0o Ti\u00ean\" class=\"read-more\" href=\"https:\/\/gomluylau.com\/en\/index.php\/product\/binh-dao-tien\/\" aria-label=\"More on B\u00ecnh \u0110\u00e0o Ti\u00ean\">Read more<\/a><\/p>","protected":false},"featured_media":1820,"comment_status":"open","ping_status":"closed","template":"","meta":[],"_links":{"self":[{"href":"https:\/\/gomluylau.com\/en\/index.php\/wp-json\/wp\/v2\/product\/491"}],"collection":[{"href":"https:\/\/gomluylau.com\/en\/index.php\/wp-json\/wp\/v2\/product"}],"about":[{"href":"https:\/\/gomluylau.com\/en\/index.php\/wp-json\/wp\/v2\/types\/product"}],"replies":[{"embeddable":true,"href":"https:\/\/gomluylau.com\/en\/index.php\/wp-json\/wp\/v2\/comments?post=491"}],"wp:featuredmedia":[{"embeddable":true,"href":"https:\/\/gomluylau.com\/en\/index.php\/wp-json\/wp\/v2\/media\/1820"}],"wp:attachment":[{"href":"https:\/\/gomluylau.com\/en\/index.php\/wp-json\/wp\/v2\/media?parent=491"}],"curies":[{"name":"wp","href":"https:\/\/api.w.org\/{rel}","templated":true}]}}