{"id":498,"date":"2021-01-03T04:37:14","date_gmt":"2021-01-03T04:37:14","guid":{"rendered":"https:\/\/gomluylau.com\/?post_type=product&#038;p=498"},"modified":"2022-05-03T05:37:32","modified_gmt":"2022-05-03T05:37:32","slug":"binh-ca-chep-hoa-rong","status":"publish","type":"product","link":"https:\/\/gomluylau.com\/en\/index.php\/product\/binh-ca-chep-hoa-rong\/","title":{"rendered":"B\u00ecnh c\u00e1 ch\u00e9p h\u00f3a r\u1ed3ng"},"content":{"rendered":"<p>H\u00ecnh \u1ea3nh c\u00e1 ch\u00e9p h\u00f3a r\u1ed3ng c\u00f3 \u00fd ngh\u0129a bi\u1ec3u t\u01b0\u1ee3ng c\u1ee7a s\u1ef1 an l\u00e0nh v\u00e0 sung t\u00fac, th\u1ecbnh v\u01b0\u1ee3ng, th\u0103ng ti\u1ebfn trong h\u1ecdc h\u00e0nh, thi c\u1eed, c\u00f4ng danh v\u00e0 may m\u1eafn t\u00e0i l\u1ed9c cho gia ch\u1ee7.<\/p>\n<p>B\u00ecnh c\u00f3 h\u1ecda ti\u1ebft c\u00e1 ch\u00e9p \u1edf th\u00e2n, tay c\u1ea7m c\u00e1ch \u0111i\u1ec7u h\u00ecnh r\u1ed3ng, v\u00f2i b\u00ecnh u\u1ed1n t\u01b0\u01a1ng \u1ee9ng v\u1edbi h\u00ecnh \u1ea3nh c\u00e1 ch\u00e9p v\u01b0\u1ee3t v\u0169 m\u00f4n. Ch\u1ea5t li\u1ec7u l\u00e0m t\u1eeb g\u1ed1m c\u1ed5 \u0111\u1eb7c tr\u01b0ng v\u00f9ng Luy L\u00e2u, \u0111\u01b0\u1ee3c nung \u1edf nhi\u1ec7t \u0111\u1ed9 t\u1eeb 900-1050 \u0111\u1ed9 C. M\u00e0u men c\u1ed5 \u0111\u01b0\u1ee3c ph\u1ee5c d\u1ef1ng t\u1ea1o c\u1ea3m gi\u00e1c tr\u1ea7m m\u1eb7c, c\u1ed5 k\u00ednh.<\/p>","protected":false},"excerpt":{"rendered":"<p>H\u00ecnh \u1ea3nh c\u00e1 ch\u00e9p h\u00f3a r\u1ed3ng c\u00f3 \u00fd ngh\u0129a bi\u1ec3u t\u01b0\u1ee3ng c\u1ee7a s\u1ef1 an l\u00e0nh v\u00e0 sung t\u00fac, th\u1ecbnh v\u01b0\u1ee3ng, th\u0103ng ti\u1ebfn trong h\u1ecdc h\u00e0nh, thi c\u1eed, c\u00f4ng danh v\u00e0 may m\u1eafn t\u00e0i l\u1ed9c cho gia ch\u1ee7. B\u00ecnh c\u00f3 h\u1ecda ti\u1ebft c\u00e1 ch\u00e9p \u1edf th\u00e2n, tay c\u1ea7m c\u00e1ch \u0111i\u1ec7u h\u00ecnh r\u1ed3ng, v\u00f2i b\u00ecnh u\u1ed1n t\u01b0\u01a1ng &#8230; <a title=\"B\u00ecnh c\u00e1 ch\u00e9p h\u00f3a r\u1ed3ng\" class=\"read-more\" href=\"https:\/\/gomluylau.com\/en\/index.php\/product\/binh-ca-chep-hoa-rong\/\" aria-label=\"More on B\u00ecnh c\u00e1 ch\u00e9p h\u00f3a r\u1ed3ng\">Read more<\/a><\/p>","protected":false},"featured_media":1819,"comment_status":"open","ping_status":"closed","template":"","meta":[],"_links":{"self":[{"href":"https:\/\/gomluylau.com\/en\/index.php\/wp-json\/wp\/v2\/product\/498"}],"collection":[{"href":"https:\/\/gomluylau.com\/en\/index.php\/wp-json\/wp\/v2\/product"}],"about":[{"href":"https:\/\/gomluylau.com\/en\/index.php\/wp-json\/wp\/v2\/types\/product"}],"replies":[{"embeddable":true,"href":"https:\/\/gomluylau.com\/en\/index.php\/wp-json\/wp\/v2\/comments?post=498"}],"wp:featuredmedia":[{"embeddable":true,"href":"https:\/\/gomluylau.com\/en\/index.php\/wp-json\/wp\/v2\/media\/1819"}],"wp:attachment":[{"href":"https:\/\/gomluylau.com\/en\/index.php\/wp-json\/wp\/v2\/media?parent=498"}],"curies":[{"name":"wp","href":"https:\/\/api.w.org\/{rel}","templated":true}]}}