{"id":1121,"date":"2021-02-06T08:39:31","date_gmt":"2021-02-06T08:39:31","guid":{"rendered":"https:\/\/gomluylau.com\/?post_type=product&#038;p=1121"},"modified":"2022-05-03T07:13:56","modified_gmt":"2022-05-03T07:13:56","slug":"tranh-bach-dieu-quan-dao","status":"publish","type":"product","link":"https:\/\/gomluylau.com\/index.php\/product\/tranh-bach-dieu-quan-dao\/","title":{"rendered":"Tranh B\u00e1ch \u0110i\u1ec3u Qu\u1ea7n \u0110\u00e0o"},"content":{"rendered":"<div class=\"kvgmc6g5 cxmmr5t8 oygrvhab hcukyx3x c1et5uql ii04i59q\">\n<div dir=\"auto\">\u201c Tranh B\u00e1ch \u0110i\u1ec3u Qu\u1ea7n \u0110\u00e0o \u201d<\/div>\n<\/div>\n<div class=\"o9v6fnle cxmmr5t8 oygrvhab hcukyx3x c1et5uql ii04i59q\">\n<div dir=\"auto\">Trong phong th\u1ee7y, c\u0169ng nh\u01b0 trong cu\u1ed9c s\u1ed1ng \u0111\u00e3 t\u1eeb r\u1ea5t l\u00e2u \u0111\u1eddi ch\u00fang ta r\u1ea5t nhi\u1ec1u l\u1ea7n b\u1eaft g\u1eb7p h\u00ecnh \u1ea3nh lo\u00e0i chim qu\u00fd.<\/div>\n<div dir=\"auto\">Tuy nhi\u00ean, kh\u00f4ng ph\u1ea3i ng\u1eabu nhi\u00ean m\u00e0 nh\u1eefng h\u00ecnh \u1ea3nh \u0111\u00f3 c\u00f2n tr\u01b0\u1eddng t\u1ed3n l\u1ea1i t\u1edbi nhi\u1ec1u \u0111\u1eddi sau.<\/div>\n<div dir=\"auto\">Ch\u00ednh b\u1edfi nh\u1eefng \u00fd ngh\u0129a s\u00e2u s\u1eafc m\u00e0 ng\u01b0\u1eddi x\u01b0a mu\u1ed1n g\u1eedi g\u1eafm v\u00e0o trong b\u1ee9c tranh.<\/div>\n<div dir=\"auto\">Tr\u01b0\u1edbc h\u1ebft l\u00e0 n\u00f3i v\u1ec1 h\u00ecnh t\u01b0\u1ee3ng c\u00e2y \u0111\u00e0o l\u00e0 \u0111\u1ea1i di\u1ec7n cho m\u00f9a xu\u00e2n l\u00e0 bi\u1ec3u t\u01b0\u1ee3ng cho s\u1ef1 sinh s\u00f4i n\u1ea3y n\u1edf.<\/div>\n<div dir=\"auto\">H\u00ecnh \u1ea3nh c\u00e2y \u0111\u00e0o c\u00f3 s\u1ef1 t\u01b0\u01a1ng \u0111\u1ed3ng v\u1edbi lo\u00e0i Chim \u0110i\u1ec3u \u0111\u00f3 l\u00e0 s\u1ef1 trong s\u1ea1ch, qu\u00e2n t\u1eed, hi\u00ean ngang, tr\u01b0\u1eddng th\u1ecd.<\/div>\n<\/div>\n<div class=\"o9v6fnle cxmmr5t8 oygrvhab hcukyx3x c1et5uql ii04i59q\">\n<div dir=\"auto\">\u201c Tranh B\u00e1ch \u0110i\u1ec3u Qu\u1ea7n \u0110\u00e0o \u201d ch\u00ednh l\u00e0 s\u1ef1 k\u1ebft h\u1ee3p ho\u00e0n h\u1ea3o v\u1eeba mang \u00fd ngh\u0129a may m\u1eafn, tr\u01b0\u1eddng th\u1ecd, kh\u00ed ti\u1ebft thanh cao th\u1ec3 hi\u1ec7n g\u1eafn b\u00f3 v\u0129nh c\u1eedu.<\/div>\n<\/div>\n<div class=\"o9v6fnle cxmmr5t8 oygrvhab hcukyx3x c1et5uql ii04i59q\">\n<div dir=\"auto\">C\u0169ng v\u00ec v\u1eady \u0111\u00e2y l\u00e0 b\u1ee9c tranh n\u1ed5i ti\u1ebfng thu\u1ed9c d\u00f2ng tranh cao c\u1ea5p \u0111\u01b0\u1ee3c \u01b0a chu\u1ed9ng nh\u1ea5t.<\/div>\n<div dir=\"auto\">C\u1ea3nh mang \u00fd ngh\u0129a t\u00f4n vinh gia ch\u1ee7, ng\u01b0\u1eddi c\u00f3 th\u1ec3 \u0111\u1ee9ng tr\u00ean v\u1ea1n ng\u01b0\u1eddi, l\u00e0 bi\u1ec3u t\u01b0\u1ee3ng quy\u1ec1n l\u1ef1c cho vua ch\u00faa.<\/div>\n<div dir=\"auto\">Ph\u00f9 h\u1ee3p trang tr\u00ed trong ph\u00f2ng kh\u00e1ch, th\u01b0 ph\u00f2ng, mang l\u1ea1i c\u00e1i uy cho ng\u01b0\u1eddi s\u1eed d\u1ee5ng.<\/div>\n<\/div>\n","protected":false},"excerpt":{"rendered":"<p>\u201c Tranh B\u00e1ch \u0110i\u1ec3u Qu\u1ea7n \u0110\u00e0o \u201d Trong phong th\u1ee7y, c\u0169ng nh\u01b0 trong cu\u1ed9c s\u1ed1ng \u0111\u00e3 t\u1eeb r\u1ea5t l\u00e2u \u0111\u1eddi ch\u00fang ta r\u1ea5t nhi\u1ec1u l\u1ea7n b\u1eaft g\u1eb7p h\u00ecnh \u1ea3nh lo\u00e0i chim qu\u00fd. Tuy nhi\u00ean, kh\u00f4ng ph\u1ea3i ng\u1eabu nhi\u00ean m\u00e0 nh\u1eefng h\u00ecnh \u1ea3nh \u0111\u00f3 c\u00f2n tr\u01b0\u1eddng t\u1ed3n l\u1ea1i t\u1edbi nhi\u1ec1u \u0111\u1eddi sau. Ch\u00ednh b\u1edfi nh\u1eefng \u00fd &#8230; <a title=\"Tranh B\u00e1ch \u0110i\u1ec3u Qu\u1ea7n \u0110\u00e0o\" class=\"read-more\" href=\"https:\/\/gomluylau.com\/index.php\/product\/tranh-bach-dieu-quan-dao\/\" aria-label=\"More on Tranh B\u00e1ch \u0110i\u1ec3u Qu\u1ea7n \u0110\u00e0o\">\u0110\u1ecdc ti\u1ebfp<\/a><\/p>\n","protected":false},"featured_media":1905,"comment_status":"open","ping_status":"closed","template":"","meta":[],"_links":{"self":[{"href":"https:\/\/gomluylau.com\/index.php\/wp-json\/wp\/v2\/product\/1121"}],"collection":[{"href":"https:\/\/gomluylau.com\/index.php\/wp-json\/wp\/v2\/product"}],"about":[{"href":"https:\/\/gomluylau.com\/index.php\/wp-json\/wp\/v2\/types\/product"}],"replies":[{"embeddable":true,"href":"https:\/\/gomluylau.com\/index.php\/wp-json\/wp\/v2\/comments?post=1121"}],"wp:featuredmedia":[{"embeddable":true,"href":"https:\/\/gomluylau.com\/index.php\/wp-json\/wp\/v2\/media\/1905"}],"wp:attachment":[{"href":"https:\/\/gomluylau.com\/index.php\/wp-json\/wp\/v2\/media?parent=1121"}],"curies":[{"name":"wp","href":"https:\/\/api.w.org\/{rel}","templated":true}]}}