{"id":1335,"date":"2021-07-01T05:15:33","date_gmt":"2021-07-01T05:15:33","guid":{"rendered":"https:\/\/gomluylau.com\/?post_type=product&#038;p=1335"},"modified":"2022-04-12T17:35:23","modified_gmt":"2022-04-12T17:35:23","slug":"binh-ca-chep-hoa-rong-2","status":"publish","type":"product","link":"https:\/\/gomluylau.com\/index.php\/product\/binh-ca-chep-hoa-rong-2\/","title":{"rendered":"B\u00ecnh C\u00e1 Ch\u00e9p Ho\u00e1 R\u1ed3ng"},"content":{"rendered":"","protected":false},"excerpt":{"rendered":"","protected":false},"featured_media":1606,"comment_status":"open","ping_status":"closed","template":"","meta":[],"_links":{"self":[{"href":"https:\/\/gomluylau.com\/index.php\/wp-json\/wp\/v2\/product\/1335"}],"collection":[{"href":"https:\/\/gomluylau.com\/index.php\/wp-json\/wp\/v2\/product"}],"about":[{"href":"https:\/\/gomluylau.com\/index.php\/wp-json\/wp\/v2\/types\/product"}],"replies":[{"embeddable":true,"href":"https:\/\/gomluylau.com\/index.php\/wp-json\/wp\/v2\/comments?post=1335"}],"wp:featuredmedia":[{"embeddable":true,"href":"https:\/\/gomluylau.com\/index.php\/wp-json\/wp\/v2\/media\/1606"}],"wp:attachment":[{"href":"https:\/\/gomluylau.com\/index.php\/wp-json\/wp\/v2\/media?parent=1335"}],"curies":[{"name":"wp","href":"https:\/\/api.w.org\/{rel}","templated":true}]}}