{"id":1369,"date":"2021-11-12T08:57:51","date_gmt":"2021-11-12T08:57:51","guid":{"rendered":"https:\/\/gomluylau.com\/?post_type=product&#038;p=1369"},"modified":"2022-05-03T05:26:48","modified_gmt":"2022-05-03T05:26:48","slug":"ho-lo-long-phung-sum-vay","status":"publish","type":"product","link":"https:\/\/gomluylau.com\/index.php\/product\/ho-lo-long-phung-sum-vay\/","title":{"rendered":"H\u1ed3 L\u00f4 Long Ph\u1ee5ng Sum V\u1ea7y"},"content":{"rendered":"<p>Long Ph\u1ee5ng c\u00f2n g\u1ecdi l\u00e0 R\u1ed3ng Ph\u01b0\u1ee3ng \u2013 bi\u1ec3u t\u01b0\u1ee3ng cho quy\u1ec1n l\u1ef1c v\u00e0 s\u1ee9c m\u1ea1nh, thanh nh\u00e3 v\u00e0 duy\u00ean d\u00e1ng. Tranh Long Ph\u1ee5ng sum v\u1ea7y l\u00e0 s\u1ef1 c\u1ed9ng h\u01b0\u1edfng c\u1ee7a hai h\u00ecnh \u1ea3nh \u0111\u1eb9p. Long Ph\u1ee5ng Sum V\u1ea7y t\u01b0\u1ee3ng tr\u01b0ng cho h\u1ea1nh ph\u00fac l\u1ee9a \u0111\u00f4i, \u0111\u01b0\u1eddng c\u00f4ng danh s\u1ef1 nghi\u1ec7p vi\u00ean m\u00e3n. Ngo\u00e0i ra, tranh c\u00f2n th\u1ec3 hi\u1ec7n s\u1ef1 k\u00ednh tr\u1ecdng hi\u1ebfu th\u1ea3o c\u1ee7a con ch\u00e1u \u0111\u1ed1i v\u1edbi cha m\u1eb9, \u00f4ng b\u00e0.<\/p>\n<p>S\u1ea3n ph\u1ea9m \u0111\u01b0\u1ee3c ch\u1ebf t\u00e1c t\u1eeb g\u1ed1m \u0111\u1eb7c tr\u01b0ng v\u00f9ng Luy L\u00e2u, \u0111\u01b0\u1ee3c nung \u1edf nhi\u1ec7t \u0111\u1ed9 t\u1eeb 900-1050 \u0111\u1ed9 C, \u0111\u01b0\u1ee3c s\u1eed d\u1ee5ng \u0111\u1ec3 \u0111\u1ef1ng r\u01b0\u1ee3u, tr\u01b0ng b\u00e0y, l\u00e0m qu\u00e0 t\u1eb7ng.<\/p>\n","protected":false},"excerpt":{"rendered":"<p>Long Ph\u1ee5ng c\u00f2n g\u1ecdi l\u00e0 R\u1ed3ng Ph\u01b0\u1ee3ng \u2013 bi\u1ec3u t\u01b0\u1ee3ng cho quy\u1ec1n l\u1ef1c v\u00e0 s\u1ee9c m\u1ea1nh, thanh nh\u00e3 v\u00e0 duy\u00ean d\u00e1ng. Tranh Long Ph\u1ee5ng sum v\u1ea7y l\u00e0 s\u1ef1 c\u1ed9ng h\u01b0\u1edfng c\u1ee7a hai h\u00ecnh \u1ea3nh \u0111\u1eb9p. Long Ph\u1ee5ng Sum V\u1ea7y t\u01b0\u1ee3ng tr\u01b0ng cho h\u1ea1nh ph\u00fac l\u1ee9a \u0111\u00f4i, \u0111\u01b0\u1eddng c\u00f4ng danh s\u1ef1 nghi\u1ec7p vi\u00ean m\u00e3n. Ngo\u00e0i ra, &#8230; <a title=\"H\u1ed3 L\u00f4 Long Ph\u1ee5ng Sum V\u1ea7y\" class=\"read-more\" href=\"https:\/\/gomluylau.com\/index.php\/product\/ho-lo-long-phung-sum-vay\/\" aria-label=\"More on H\u1ed3 L\u00f4 Long Ph\u1ee5ng Sum V\u1ea7y\">\u0110\u1ecdc ti\u1ebfp<\/a><\/p>\n","protected":false},"featured_media":1811,"comment_status":"open","ping_status":"closed","template":"","meta":[],"_links":{"self":[{"href":"https:\/\/gomluylau.com\/index.php\/wp-json\/wp\/v2\/product\/1369"}],"collection":[{"href":"https:\/\/gomluylau.com\/index.php\/wp-json\/wp\/v2\/product"}],"about":[{"href":"https:\/\/gomluylau.com\/index.php\/wp-json\/wp\/v2\/types\/product"}],"replies":[{"embeddable":true,"href":"https:\/\/gomluylau.com\/index.php\/wp-json\/wp\/v2\/comments?post=1369"}],"wp:featuredmedia":[{"embeddable":true,"href":"https:\/\/gomluylau.com\/index.php\/wp-json\/wp\/v2\/media\/1811"}],"wp:attachment":[{"href":"https:\/\/gomluylau.com\/index.php\/wp-json\/wp\/v2\/media?parent=1369"}],"curies":[{"name":"wp","href":"https:\/\/api.w.org\/{rel}","templated":true}]}}