{"id":1372,"date":"2021-11-12T09:09:16","date_gmt":"2021-11-12T09:09:16","guid":{"rendered":"https:\/\/gomluylau.com\/?post_type=product&#038;p=1372"},"modified":"2022-05-03T06:46:55","modified_gmt":"2022-05-03T06:46:55","slug":"tuong-dat-ma","status":"publish","type":"product","link":"https:\/\/gomluylau.com\/index.php\/product\/tuong-dat-ma\/","title":{"rendered":"T\u01b0\u1ee3ng \u0110\u1ea1t Ma"},"content":{"rendered":"<p>T\u01b0\u1ee3ng T\u1ed5 s\u01b0 thi\u1ec1n t\u00f4ng B\u1ed3 \u0110\u1ec1 \u0110\u1ea1t Ma. T\u01b0\u1ee3ng \u0110\u1ea1t Ma \u0111\u01b0\u1ee3c \u0111\u1eb7t trong nh\u00e0 nh\u1eb1m m\u1ee5c \u0111\u00edch tr\u1ea5n tr\u1ea1ch nh\u00e0 v\u00e0 tr\u00e1nh t\u00e0 ma ngo\u1ea1i \u0111\u1ea1o x\u00e2m nh\u1eadp, gi\u00fap lo\u1ea1i b\u1ecf nh\u1eefng n\u0103ng l\u01b0\u1ee3ng x\u1ea5u v\u00e0o trong nh\u00e0, sinh n\u0103ng l\u01b0\u1ee3ng t\u1ed1t, gia \u0111\u00ecnh \u00eam \u1ea5m, l\u00e0m \u0103n ph\u00e1t \u0111\u1ea1t.<\/p>\n<p>S\u1ea3n ph\u1ea9m \u0111\u01b0\u1ee3c ch\u1ebf t\u00e1c t\u1ec9 m\u1ec9, tinh x\u1ea3o tr\u00ean n\u1ec1n ch\u1ea5t li\u1ec7u g\u1ed1m c\u1ed5 \u0111\u1eb7c tr\u01b0ng v\u00f9ng Luy L\u00e2u, m\u00e0u men n\u00e2u \u0111\u1ecf, \u0111\u01b0\u1ee3c nung \u1edf nhi\u1ec7t \u0111\u1ed9 t\u1eeb 900-1050 \u0111\u1ed9 C. S\u1ea3n ph\u1ea9m \u0111\u01b0\u1ee3c s\u1eed d\u1ee5ng \u0111\u1ec3 tr\u01b0ng b\u00e0y, l\u00e0m qu\u00e0 t\u1eb7ng.<\/p>\n","protected":false},"excerpt":{"rendered":"<p>T\u01b0\u1ee3ng T\u1ed5 s\u01b0 thi\u1ec1n t\u00f4ng B\u1ed3 \u0110\u1ec1 \u0110\u1ea1t Ma. T\u01b0\u1ee3ng \u0110\u1ea1t Ma \u0111\u01b0\u1ee3c \u0111\u1eb7t trong nh\u00e0 nh\u1eb1m m\u1ee5c \u0111\u00edch tr\u1ea5n tr\u1ea1ch nh\u00e0 v\u00e0 tr\u00e1nh t\u00e0 ma ngo\u1ea1i \u0111\u1ea1o x\u00e2m nh\u1eadp, gi\u00fap lo\u1ea1i b\u1ecf nh\u1eefng n\u0103ng l\u01b0\u1ee3ng x\u1ea5u v\u00e0o trong nh\u00e0, sinh n\u0103ng l\u01b0\u1ee3ng t\u1ed1t, gia \u0111\u00ecnh \u00eam \u1ea5m, l\u00e0m \u0103n ph\u00e1t \u0111\u1ea1t. S\u1ea3n ph\u1ea9m \u0111\u01b0\u1ee3c &#8230; <a title=\"T\u01b0\u1ee3ng \u0110\u1ea1t Ma\" class=\"read-more\" href=\"https:\/\/gomluylau.com\/index.php\/product\/tuong-dat-ma\/\" aria-label=\"More on T\u01b0\u1ee3ng \u0110\u1ea1t Ma\">\u0110\u1ecdc ti\u1ebfp<\/a><\/p>\n","protected":false},"featured_media":1883,"comment_status":"open","ping_status":"closed","template":"","meta":[],"_links":{"self":[{"href":"https:\/\/gomluylau.com\/index.php\/wp-json\/wp\/v2\/product\/1372"}],"collection":[{"href":"https:\/\/gomluylau.com\/index.php\/wp-json\/wp\/v2\/product"}],"about":[{"href":"https:\/\/gomluylau.com\/index.php\/wp-json\/wp\/v2\/types\/product"}],"replies":[{"embeddable":true,"href":"https:\/\/gomluylau.com\/index.php\/wp-json\/wp\/v2\/comments?post=1372"}],"wp:featuredmedia":[{"embeddable":true,"href":"https:\/\/gomluylau.com\/index.php\/wp-json\/wp\/v2\/media\/1883"}],"wp:attachment":[{"href":"https:\/\/gomluylau.com\/index.php\/wp-json\/wp\/v2\/media?parent=1372"}],"curies":[{"name":"wp","href":"https:\/\/api.w.org\/{rel}","templated":true}]}}