{"id":1373,"date":"2021-11-12T09:10:28","date_gmt":"2021-11-12T09:10:28","guid":{"rendered":"https:\/\/gomluylau.com\/?post_type=product&#038;p=1373"},"modified":"2022-05-03T06:45:44","modified_gmt":"2022-05-03T06:45:44","slug":"tuong-te-cong","status":"publish","type":"product","link":"https:\/\/gomluylau.com\/index.php\/product\/tuong-te-cong\/","title":{"rendered":"T\u01b0\u1ee3ng T\u1ebf C\u00f4ng"},"content":{"rendered":"<p>T\u1ebf C\u00f4ng l\u00e0 v\u1ecb h\u00f2a th\u01b0\u1ee3ng r\u1ea5t gi\u1ecfi tr\u1eeb t\u00e0 b\u1eaft ma, c\u1ee9u gi\u00fap d\u00e2n ch\u00fang. Ch\u00ednh v\u00ec v\u1eady, T\u1ebf C\u00f4ng \u0111\u01b0\u1ee3c nhi\u1ec1u ng\u01b0\u1eddi t\u00f4n tr\u1ecdng v\u00e0 th\u1edd c\u00fang nh\u01b0 m\u1ed9t v\u1ecb th\u1ea7n gi\u00fap xua \u0111u\u1ed5i t\u00e0 ma, gi\u00fap kh\u00f4ng kh\u00ed gia \u0111\u00ecnh th\u00eam ph\u1ea7n vui v\u1ebb, tinh th\u1ea7n d\u1ec5 ch\u1ecbu, tho\u1ea3i m\u00e1i h\u01a1n.<\/p>\n<p>S\u1ea3n ph\u1ea9m \u0111\u01b0\u1ee3c ch\u1ebf t\u00e1c t\u1ec9 m\u1ec9, tinh x\u1ea3o tr\u00ean n\u1ec1n ch\u1ea5t li\u1ec7u g\u1ed1m c\u1ed5 \u0111\u1eb7c tr\u01b0ng v\u00f9ng Luy L\u00e2u, m\u00e0u men n\u00e2u \u0111\u1ecf, \u0111\u01b0\u1ee3c nung \u1edf nhi\u1ec7t \u0111\u1ed9 t\u1eeb 900-1050 \u0111\u1ed9 C, \u0111\u01b0\u1ee3c s\u1eed d\u1ee5ng \u0111\u1ec3 tr\u01b0ng b\u00e0y, l\u00e0m qu\u00e0 t\u1eb7ng.<\/p>\n","protected":false},"excerpt":{"rendered":"<p>T\u1ebf C\u00f4ng l\u00e0 v\u1ecb h\u00f2a th\u01b0\u1ee3ng r\u1ea5t gi\u1ecfi tr\u1eeb t\u00e0 b\u1eaft ma, c\u1ee9u gi\u00fap d\u00e2n ch\u00fang. Ch\u00ednh v\u00ec v\u1eady, T\u1ebf C\u00f4ng \u0111\u01b0\u1ee3c nhi\u1ec1u ng\u01b0\u1eddi t\u00f4n tr\u1ecdng v\u00e0 th\u1edd c\u00fang nh\u01b0 m\u1ed9t v\u1ecb th\u1ea7n gi\u00fap xua \u0111u\u1ed5i t\u00e0 ma, gi\u00fap kh\u00f4ng kh\u00ed gia \u0111\u00ecnh th\u00eam ph\u1ea7n vui v\u1ebb, tinh th\u1ea7n d\u1ec5 ch\u1ecbu, tho\u1ea3i m\u00e1i h\u01a1n. S\u1ea3n &#8230; <a title=\"T\u01b0\u1ee3ng T\u1ebf C\u00f4ng\" class=\"read-more\" href=\"https:\/\/gomluylau.com\/index.php\/product\/tuong-te-cong\/\" aria-label=\"More on T\u01b0\u1ee3ng T\u1ebf C\u00f4ng\">\u0110\u1ecdc ti\u1ebfp<\/a><\/p>\n","protected":false},"featured_media":1879,"comment_status":"open","ping_status":"closed","template":"","meta":[],"_links":{"self":[{"href":"https:\/\/gomluylau.com\/index.php\/wp-json\/wp\/v2\/product\/1373"}],"collection":[{"href":"https:\/\/gomluylau.com\/index.php\/wp-json\/wp\/v2\/product"}],"about":[{"href":"https:\/\/gomluylau.com\/index.php\/wp-json\/wp\/v2\/types\/product"}],"replies":[{"embeddable":true,"href":"https:\/\/gomluylau.com\/index.php\/wp-json\/wp\/v2\/comments?post=1373"}],"wp:featuredmedia":[{"embeddable":true,"href":"https:\/\/gomluylau.com\/index.php\/wp-json\/wp\/v2\/media\/1879"}],"wp:attachment":[{"href":"https:\/\/gomluylau.com\/index.php\/wp-json\/wp\/v2\/media?parent=1373"}],"curies":[{"name":"wp","href":"https:\/\/api.w.org\/{rel}","templated":true}]}}