{"id":345,"date":"2021-01-02T07:27:43","date_gmt":"2021-01-02T07:27:43","guid":{"rendered":"https:\/\/gomluylau.com\/?post_type=product&#038;p=345"},"modified":"2022-05-03T07:02:04","modified_gmt":"2022-05-03T07:02:04","slug":"nghe-co","status":"publish","type":"product","link":"https:\/\/gomluylau.com\/index.php\/product\/nghe-co\/","title":{"rendered":"Ngh\u00ea C\u1ed5"},"content":{"rendered":"<p>Ngh\u00ea c\u00f3 th\u00e2n ch\u00f3 v\u00e0 \u0111\u1ea7u k\u1ef3 l\u00e2n, l\u00e0 linh v\u1eadt xu\u1ea5t hi\u1ec7n \u1edf Vi\u1ec7t Nam t\u1eeb h\u00e0ng ng\u00e0n n\u0103m tr\u01b0\u1edbc, \u00fd ngh\u0129a ch\u00ednh l\u00e0 b\u1ea3o v\u1ec7 gia ch\u1ee7, ch\u1ed1ng qu\u1ef7 d\u1eef ma t\u00e0.<\/p>\n<p>S\u1ea3n ph\u1ea9m \u0111\u01b0\u1ee3c ch\u1ebf t\u00e1c t\u1eeb g\u1ed1m \u0111\u1eb7c tr\u01b0ng v\u00f9ng Luy L\u00e2u, \u0111\u01b0\u1ee3c nung \u1edf nhi\u1ec7t \u0111\u1ed9 t\u1eeb 900-1050 \u0111\u1ed9 C, \u0111\u01b0\u1ee3c s\u1eed d\u1ee5ng \u0111\u1ec3 tr\u01b0ng b\u00e0y, l\u00e0m qu\u00e0 t\u1eb7ng.<\/p>\n","protected":false},"excerpt":{"rendered":"<p>Ngh\u00ea c\u00f3 th\u00e2n ch\u00f3 v\u00e0 \u0111\u1ea7u k\u1ef3 l\u00e2n, l\u00e0 linh v\u1eadt xu\u1ea5t hi\u1ec7n \u1edf Vi\u1ec7t Nam t\u1eeb h\u00e0ng ng\u00e0n n\u0103m tr\u01b0\u1edbc, \u00fd ngh\u0129a ch\u00ednh l\u00e0 b\u1ea3o v\u1ec7 gia ch\u1ee7, ch\u1ed1ng qu\u1ef7 d\u1eef ma t\u00e0. S\u1ea3n ph\u1ea9m \u0111\u01b0\u1ee3c ch\u1ebf t\u00e1c t\u1eeb g\u1ed1m \u0111\u1eb7c tr\u01b0ng v\u00f9ng Luy L\u00e2u, \u0111\u01b0\u1ee3c nung \u1edf nhi\u1ec7t \u0111\u1ed9 t\u1eeb 900-1050 \u0111\u1ed9 C, &#8230; <a title=\"Ngh\u00ea C\u1ed5\" class=\"read-more\" href=\"https:\/\/gomluylau.com\/index.php\/product\/nghe-co\/\" aria-label=\"More on Ngh\u00ea C\u1ed5\">\u0110\u1ecdc ti\u1ebfp<\/a><\/p>\n","protected":false},"featured_media":1900,"comment_status":"open","ping_status":"closed","template":"","meta":[],"_links":{"self":[{"href":"https:\/\/gomluylau.com\/index.php\/wp-json\/wp\/v2\/product\/345"}],"collection":[{"href":"https:\/\/gomluylau.com\/index.php\/wp-json\/wp\/v2\/product"}],"about":[{"href":"https:\/\/gomluylau.com\/index.php\/wp-json\/wp\/v2\/types\/product"}],"replies":[{"embeddable":true,"href":"https:\/\/gomluylau.com\/index.php\/wp-json\/wp\/v2\/comments?post=345"}],"wp:featuredmedia":[{"embeddable":true,"href":"https:\/\/gomluylau.com\/index.php\/wp-json\/wp\/v2\/media\/1900"}],"wp:attachment":[{"href":"https:\/\/gomluylau.com\/index.php\/wp-json\/wp\/v2\/media?parent=345"}],"curies":[{"name":"wp","href":"https:\/\/api.w.org\/{rel}","templated":true}]}}