{"id":353,"date":"2021-01-02T07:30:24","date_gmt":"2021-01-02T07:30:24","guid":{"rendered":"https:\/\/gomluylau.com\/?post_type=product&#038;p=353"},"modified":"2022-05-03T05:27:18","modified_gmt":"2022-05-03T05:27:18","slug":"ho-lo-tim-trau","status":"publish","type":"product","link":"https:\/\/gomluylau.com\/index.php\/product\/ho-lo-tim-trau\/","title":{"rendered":"H\u1ed3 L\u00f4 T\u00ecm Tr\u00e2u"},"content":{"rendered":"<p>H\u00ecnh \u1ea3nh \u00f4ng l\u00e3o r\u00e2u t\u00f3c b\u1ea1c ph\u01a1 t\u00ecm tr\u00e2u l\u1ea1c trong thung l\u0169ng r\u1ea5t th\u00e2n quen trong \u0111\u1eddi s\u1ed1ng v\u0103n minh l\u00faa n\u01b0\u1edbc, g\u1ee3i nh\u1edb nh\u1eefng gi\u00e1 tr\u1ecb v\u0103n h\u00f3a d\u00e2n gian truy\u1ec1n th\u1ed1ng.<\/p>\n<p>S\u1ea3n ph\u1ea9m \u0111\u01b0\u1ee3c ch\u1ebf t\u00e1c t\u1eeb g\u1ed1m \u0111\u1eb7c tr\u01b0ng v\u00f9ng Luy L\u00e2u, \u0111\u01b0\u1ee3c nung \u1edf nhi\u1ec7t \u0111\u1ed9 t\u1eeb 900-1050 \u0111\u1ed9 C, \u0111\u01b0\u1ee3c s\u1eed d\u1ee5ng \u0111\u1ec3 \u0111\u1ef1ng r\u01b0\u1ee3u, tr\u01b0ng b\u00e0y, l\u00e0m qu\u00e0 t\u1eb7ng.<\/p>\n","protected":false},"excerpt":{"rendered":"<p>H\u00ecnh \u1ea3nh \u00f4ng l\u00e3o r\u00e2u t\u00f3c b\u1ea1c ph\u01a1 t\u00ecm tr\u00e2u l\u1ea1c trong thung l\u0169ng r\u1ea5t th\u00e2n quen trong \u0111\u1eddi s\u1ed1ng v\u0103n minh l\u00faa n\u01b0\u1edbc, g\u1ee3i nh\u1edb nh\u1eefng gi\u00e1 tr\u1ecb v\u0103n h\u00f3a d\u00e2n gian truy\u1ec1n th\u1ed1ng. S\u1ea3n ph\u1ea9m \u0111\u01b0\u1ee3c ch\u1ebf t\u00e1c t\u1eeb g\u1ed1m \u0111\u1eb7c tr\u01b0ng v\u00f9ng Luy L\u00e2u, \u0111\u01b0\u1ee3c nung \u1edf nhi\u1ec7t \u0111\u1ed9 t\u1eeb 900-1050 \u0111\u1ed9 &#8230; <a title=\"H\u1ed3 L\u00f4 T\u00ecm Tr\u00e2u\" class=\"read-more\" href=\"https:\/\/gomluylau.com\/index.php\/product\/ho-lo-tim-trau\/\" aria-label=\"More on H\u1ed3 L\u00f4 T\u00ecm Tr\u00e2u\">\u0110\u1ecdc ti\u1ebfp<\/a><\/p>\n","protected":false},"featured_media":1812,"comment_status":"open","ping_status":"closed","template":"","meta":[],"_links":{"self":[{"href":"https:\/\/gomluylau.com\/index.php\/wp-json\/wp\/v2\/product\/353"}],"collection":[{"href":"https:\/\/gomluylau.com\/index.php\/wp-json\/wp\/v2\/product"}],"about":[{"href":"https:\/\/gomluylau.com\/index.php\/wp-json\/wp\/v2\/types\/product"}],"replies":[{"embeddable":true,"href":"https:\/\/gomluylau.com\/index.php\/wp-json\/wp\/v2\/comments?post=353"}],"wp:featuredmedia":[{"embeddable":true,"href":"https:\/\/gomluylau.com\/index.php\/wp-json\/wp\/v2\/media\/1812"}],"wp:attachment":[{"href":"https:\/\/gomluylau.com\/index.php\/wp-json\/wp\/v2\/media?parent=353"}],"curies":[{"name":"wp","href":"https:\/\/api.w.org\/{rel}","templated":true}]}}