{"id":379,"date":"2021-01-02T07:38:25","date_gmt":"2021-01-02T07:38:25","guid":{"rendered":"https:\/\/gomluylau.com\/?post_type=product&#038;p=379"},"modified":"2022-05-19T04:39:49","modified_gmt":"2022-05-19T04:39:49","slug":"dau-rong-thoi-ly","status":"publish","type":"product","link":"https:\/\/gomluylau.com\/index.php\/product\/dau-rong-thoi-ly\/","title":{"rendered":"\u0110\u1ea7u r\u1ed3ng th\u1eddi l\u00fd"},"content":{"rendered":"<p>\u0110\u1ea7u r\u1ed3ng g\u1ed1m l\u00e0 s\u1ea3n ph\u1ea9m \u0111\u1ed9c \u0111\u00e1o b\u1eadc nh\u1ea5t trong ki\u1ebfn tr\u00fac v\u00e0 g\u1ed1m cung \u0111\u00ecnh th\u1eddi L\u00fd \u2013 Tr\u1ea7n. \u00a0N\u00f3 l\u00e0 bi\u1ec3u t\u01b0\u1ee3ng c\u1ee7a s\u1ef1 huy\u1ec1n bi\u1ebfn \u00e2m d\u01b0\u01a1ng, th\u1ec3 hi\u1ec7n kh\u00ed ch\u1ea5t c\u1ee7a ng\u01b0\u1eddi qu\u00e2n t\u1eed c\u0169ng nh\u01b0 quy\u1ec1n n\u0103ng nh\u1eefng b\u1eadc qu\u00fd nh\u00e2n. Ng\u00e0y nay, t\u01b0\u1ee3ng \u0111\u1ea7u r\u1ed3ng v\u1eabn \u0111\u01b0\u1ee3c \u0111\u01b0a v\u00e0o trang tr\u00ed cho c\u00e1c c\u00f4ng tr\u00ecnh ki\u1ebfn tr\u00fac, h\u1ed9i h\u1ecda, ch\u1ea1m, kh\u1eafc ngh\u1ec7 thu\u1eadt.<\/p>\n<p>S\u1ea3n ph\u1ea9m \u0110\u1ea7u r\u1ed3ng th\u1eddi L\u00fd v\u1edbi ch\u1ea5t li\u1ec7u g\u1ed1m c\u1ed5 Luy L\u00e2u c\u00f3 m\u1ed9t men m\u00e0u tr\u1ea7m m\u1eb7c, c\u1ed5 k\u00ednh nh\u01b0ng v\u1eabn sang tr\u1ecdng.<\/p>\n","protected":false},"excerpt":{"rendered":"<p>\u0110\u1ea7u r\u1ed3ng g\u1ed1m l\u00e0 s\u1ea3n ph\u1ea9m \u0111\u1ed9c \u0111\u00e1o b\u1eadc nh\u1ea5t trong ki\u1ebfn tr\u00fac v\u00e0 g\u1ed1m cung \u0111\u00ecnh th\u1eddi L\u00fd \u2013 Tr\u1ea7n. \u00a0N\u00f3 l\u00e0 bi\u1ec3u t\u01b0\u1ee3ng c\u1ee7a s\u1ef1 huy\u1ec1n bi\u1ebfn \u00e2m d\u01b0\u01a1ng, th\u1ec3 hi\u1ec7n kh\u00ed ch\u1ea5t c\u1ee7a ng\u01b0\u1eddi qu\u00e2n t\u1eed c\u0169ng nh\u01b0 quy\u1ec1n n\u0103ng nh\u1eefng b\u1eadc qu\u00fd nh\u00e2n. Ng\u00e0y nay, t\u01b0\u1ee3ng \u0111\u1ea7u r\u1ed3ng v\u1eabn \u0111\u01b0\u1ee3c \u0111\u01b0a &#8230; <a title=\"\u0110\u1ea7u r\u1ed3ng th\u1eddi l\u00fd\" class=\"read-more\" href=\"https:\/\/gomluylau.com\/index.php\/product\/dau-rong-thoi-ly\/\" aria-label=\"More on \u0110\u1ea7u r\u1ed3ng th\u1eddi l\u00fd\">\u0110\u1ecdc ti\u1ebfp<\/a><\/p>\n","protected":false},"featured_media":1805,"comment_status":"open","ping_status":"closed","template":"","meta":[],"_links":{"self":[{"href":"https:\/\/gomluylau.com\/index.php\/wp-json\/wp\/v2\/product\/379"}],"collection":[{"href":"https:\/\/gomluylau.com\/index.php\/wp-json\/wp\/v2\/product"}],"about":[{"href":"https:\/\/gomluylau.com\/index.php\/wp-json\/wp\/v2\/types\/product"}],"replies":[{"embeddable":true,"href":"https:\/\/gomluylau.com\/index.php\/wp-json\/wp\/v2\/comments?post=379"}],"wp:featuredmedia":[{"embeddable":true,"href":"https:\/\/gomluylau.com\/index.php\/wp-json\/wp\/v2\/media\/1805"}],"wp:attachment":[{"href":"https:\/\/gomluylau.com\/index.php\/wp-json\/wp\/v2\/media?parent=379"}],"curies":[{"name":"wp","href":"https:\/\/api.w.org\/{rel}","templated":true}]}}