{"id":396,"date":"2021-01-02T07:43:45","date_gmt":"2021-01-02T07:43:45","guid":{"rendered":"https:\/\/gomluylau.com\/?post_type=product&#038;p=396"},"modified":"2022-05-03T05:11:48","modified_gmt":"2022-05-03T05:11:48","slug":"cay-den","status":"publish","type":"product","link":"https:\/\/gomluylau.com\/index.php\/product\/cay-den\/","title":{"rendered":"C\u00e2y \u0110\u00e8n"},"content":{"rendered":"<p>\u0110\u00e8n Tu\u1ec7 \u0110\u0103ng v\u1edbi nhi\u1ec1u hoa v\u0103n c\u1ed5, h\u00ecnh \u1ea3nh t\u1ee9 linh long, l\u00e2n, quy, ph\u1ee5ng t\u01b0\u1ee3ng tr\u01b0ng cho s\u1ef1 linh thi\u00eang, th\u00f4ng su\u1ed1t, tr\u00ed tu\u1ec7. Ch\u1ea5t li\u1ec7u g\u1ed1m \u0111\u1eb7c tr\u01b0ng v\u00f9ng Luy L\u00e2u, \u0111\u01b0\u1ee3c nung \u1edf nhi\u1ec7t \u0111\u1ed9 t\u1eeb 900-1050 \u0111\u1ed9 C, thi\u1ebft k\u1ebf tinh x\u1ea3o, gi\u00e1 tr\u1ecb th\u1ea9m m\u1ef9, tr\u01b0ng b\u00e0y r\u1ea5t cao.<\/p>\n","protected":false},"excerpt":{"rendered":"<p>\u0110\u00e8n Tu\u1ec7 \u0110\u0103ng v\u1edbi nhi\u1ec1u hoa v\u0103n c\u1ed5, h\u00ecnh \u1ea3nh t\u1ee9 linh long, l\u00e2n, quy, ph\u1ee5ng t\u01b0\u1ee3ng tr\u01b0ng cho s\u1ef1 linh thi\u00eang, th\u00f4ng su\u1ed1t, tr\u00ed tu\u1ec7. Ch\u1ea5t li\u1ec7u g\u1ed1m \u0111\u1eb7c tr\u01b0ng v\u00f9ng Luy L\u00e2u, \u0111\u01b0\u1ee3c nung \u1edf nhi\u1ec7t \u0111\u1ed9 t\u1eeb 900-1050 \u0111\u1ed9 C, thi\u1ebft k\u1ebf tinh x\u1ea3o, gi\u00e1 tr\u1ecb th\u1ea9m m\u1ef9, tr\u01b0ng b\u00e0y r\u1ea5t cao.<\/p>\n","protected":false},"featured_media":1803,"comment_status":"open","ping_status":"closed","template":"","meta":[],"_links":{"self":[{"href":"https:\/\/gomluylau.com\/index.php\/wp-json\/wp\/v2\/product\/396"}],"collection":[{"href":"https:\/\/gomluylau.com\/index.php\/wp-json\/wp\/v2\/product"}],"about":[{"href":"https:\/\/gomluylau.com\/index.php\/wp-json\/wp\/v2\/types\/product"}],"replies":[{"embeddable":true,"href":"https:\/\/gomluylau.com\/index.php\/wp-json\/wp\/v2\/comments?post=396"}],"wp:featuredmedia":[{"embeddable":true,"href":"https:\/\/gomluylau.com\/index.php\/wp-json\/wp\/v2\/media\/1803"}],"wp:attachment":[{"href":"https:\/\/gomluylau.com\/index.php\/wp-json\/wp\/v2\/media?parent=396"}],"curies":[{"name":"wp","href":"https:\/\/api.w.org\/{rel}","templated":true}]}}