{"id":476,"date":"2021-01-03T04:09:46","date_gmt":"2021-01-03T04:09:46","guid":{"rendered":"https:\/\/gomluylau.com\/?post_type=product&#038;p=476"},"modified":"2022-05-03T05:53:29","modified_gmt":"2022-05-03T05:53:29","slug":"binh-nhat-kha-tung","status":"publish","type":"product","link":"https:\/\/gomluylau.com\/index.php\/product\/binh-nhat-kha-tung\/","title":{"rendered":"B\u00ecnh Nh\u1ea5t kh\u1ea3 t\u00f9ng"},"content":{"rendered":"<p>B\u00ecnh d\u00e1ng b\u1ea7u d\u00e0i, v\u1edbi h\u1ecda ti\u1ebft chim h\u1ea1c v\u00e0 c\u00e2y t\u00f9ng, t\u01b0\u1ee3ng tr\u01b0ng cho s\u1ef1 qu\u00e2n t\u1eed, ch\u00ednh tr\u1ef1c. B\u00ecnh \u0111\u01b0\u1ee3c l\u00e0m t\u1eeb ch\u1ea5t li\u1ec7u g\u1ed1m c\u1ed5 \u0111\u1eb7c tr\u01b0ng v\u00f9ng Luy L\u00e2u, \u0111\u01b0\u1ee3c nung \u1edf nhi\u1ec7t \u0111\u1ed9 t\u1eeb 900-1050 \u0111\u1ed9 C. S\u1ea3n ph\u1ea9m c\u00f3 th\u1ec3 tr\u01b0ng b\u00e0y \u1edf ph\u00f2ng kh\u00e1ch, th\u1ec3 hi\u1ec7n phong c\u00e1ch, tri\u1ebft l\u00fd s\u1ed1ng c\u1ee7a gia ch\u1ee7.<\/p>\n","protected":false},"excerpt":{"rendered":"<p>B\u00ecnh d\u00e1ng b\u1ea7u d\u00e0i, v\u1edbi h\u1ecda ti\u1ebft chim h\u1ea1c v\u00e0 c\u00e2y t\u00f9ng, t\u01b0\u1ee3ng tr\u01b0ng cho s\u1ef1 qu\u00e2n t\u1eed, ch\u00ednh tr\u1ef1c. B\u00ecnh \u0111\u01b0\u1ee3c l\u00e0m t\u1eeb ch\u1ea5t li\u1ec7u g\u1ed1m c\u1ed5 \u0111\u1eb7c tr\u01b0ng v\u00f9ng Luy L\u00e2u, \u0111\u01b0\u1ee3c nung \u1edf nhi\u1ec7t \u0111\u1ed9 t\u1eeb 900-1050 \u0111\u1ed9 C. S\u1ea3n ph\u1ea9m c\u00f3 th\u1ec3 tr\u01b0ng b\u00e0y \u1edf ph\u00f2ng kh\u00e1ch, th\u1ec3 hi\u1ec7n phong c\u00e1ch, &#8230; <a title=\"B\u00ecnh Nh\u1ea5t kh\u1ea3 t\u00f9ng\" class=\"read-more\" href=\"https:\/\/gomluylau.com\/index.php\/product\/binh-nhat-kha-tung\/\" aria-label=\"More on B\u00ecnh Nh\u1ea5t kh\u1ea3 t\u00f9ng\">\u0110\u1ecdc ti\u1ebfp<\/a><\/p>\n","protected":false},"featured_media":1841,"comment_status":"open","ping_status":"closed","template":"","meta":[],"_links":{"self":[{"href":"https:\/\/gomluylau.com\/index.php\/wp-json\/wp\/v2\/product\/476"}],"collection":[{"href":"https:\/\/gomluylau.com\/index.php\/wp-json\/wp\/v2\/product"}],"about":[{"href":"https:\/\/gomluylau.com\/index.php\/wp-json\/wp\/v2\/types\/product"}],"replies":[{"embeddable":true,"href":"https:\/\/gomluylau.com\/index.php\/wp-json\/wp\/v2\/comments?post=476"}],"wp:featuredmedia":[{"embeddable":true,"href":"https:\/\/gomluylau.com\/index.php\/wp-json\/wp\/v2\/media\/1841"}],"wp:attachment":[{"href":"https:\/\/gomluylau.com\/index.php\/wp-json\/wp\/v2\/media?parent=476"}],"curies":[{"name":"wp","href":"https:\/\/api.w.org\/{rel}","templated":true}]}}