{"id":478,"date":"2021-01-03T04:24:12","date_gmt":"2021-01-03T04:24:12","guid":{"rendered":"https:\/\/gomluylau.com\/?post_type=product&#038;p=478"},"modified":"2022-05-03T05:39:41","modified_gmt":"2022-05-03T05:39:41","slug":"binh-lao-tu","status":"publish","type":"product","link":"https:\/\/gomluylau.com\/index.php\/product\/binh-lao-tu\/","title":{"rendered":"B\u00ecnh L\u00e3o T\u1eed"},"content":{"rendered":"<p>H\u00ecnh \u1ea3nh L\u00e3o t\u1eed ng\u1ed3i tr\u00ean tr\u00e2u xanh l\u00e0 bi\u1ec3u t\u01b0\u1ee3ng c\u1ee7a tri\u1ebft l\u00fd \u201cv\u00f4 vi\u201d, s\u1ed1ng khi\u00eam nhu, t\u1eeb t\u1ed1n. B\u00ecnh \u0111\u01b0\u1ee3c l\u00e0m t\u1eeb ch\u1ea5t li\u1ec7u g\u1ed1m c\u1ed5 \u0111\u1eb7c tr\u01b0ng v\u00f9ng Luy L\u00e2u, \u0111\u01b0\u1ee3c nung \u1edf nhi\u1ec7t \u0111\u1ed9 t\u1eeb 900-1050 \u0111\u1ed9 C. S\u1ea3n ph\u1ea9m c\u00f3 th\u1ec3 tr\u01b0ng b\u00e0y \u1edf ph\u00f2ng kh\u00e1ch, th\u1ec3 hi\u1ec7n tri\u1ebft l\u00fd s\u1ed1ng c\u1ee7a gia ch\u1ee7.<\/p>\n","protected":false},"excerpt":{"rendered":"<p>H\u00ecnh \u1ea3nh L\u00e3o t\u1eed ng\u1ed3i tr\u00ean tr\u00e2u xanh l\u00e0 bi\u1ec3u t\u01b0\u1ee3ng c\u1ee7a tri\u1ebft l\u00fd \u201cv\u00f4 vi\u201d, s\u1ed1ng khi\u00eam nhu, t\u1eeb t\u1ed1n. B\u00ecnh \u0111\u01b0\u1ee3c l\u00e0m t\u1eeb ch\u1ea5t li\u1ec7u g\u1ed1m c\u1ed5 \u0111\u1eb7c tr\u01b0ng v\u00f9ng Luy L\u00e2u, \u0111\u01b0\u1ee3c nung \u1edf nhi\u1ec7t \u0111\u1ed9 t\u1eeb 900-1050 \u0111\u1ed9 C. S\u1ea3n ph\u1ea9m c\u00f3 th\u1ec3 tr\u01b0ng b\u00e0y \u1edf ph\u00f2ng kh\u00e1ch, th\u1ec3 hi\u1ec7n tri\u1ebft &#8230; <a title=\"B\u00ecnh L\u00e3o T\u1eed\" class=\"read-more\" href=\"https:\/\/gomluylau.com\/index.php\/product\/binh-lao-tu\/\" aria-label=\"More on B\u00ecnh L\u00e3o T\u1eed\">\u0110\u1ecdc ti\u1ebfp<\/a><\/p>\n","protected":false},"featured_media":1822,"comment_status":"open","ping_status":"closed","template":"","meta":[],"_links":{"self":[{"href":"https:\/\/gomluylau.com\/index.php\/wp-json\/wp\/v2\/product\/478"}],"collection":[{"href":"https:\/\/gomluylau.com\/index.php\/wp-json\/wp\/v2\/product"}],"about":[{"href":"https:\/\/gomluylau.com\/index.php\/wp-json\/wp\/v2\/types\/product"}],"replies":[{"embeddable":true,"href":"https:\/\/gomluylau.com\/index.php\/wp-json\/wp\/v2\/comments?post=478"}],"wp:featuredmedia":[{"embeddable":true,"href":"https:\/\/gomluylau.com\/index.php\/wp-json\/wp\/v2\/media\/1822"}],"wp:attachment":[{"href":"https:\/\/gomluylau.com\/index.php\/wp-json\/wp\/v2\/media?parent=478"}],"curies":[{"name":"wp","href":"https:\/\/api.w.org\/{rel}","templated":true}]}}