{"id":487,"date":"2021-01-03T04:26:30","date_gmt":"2021-01-03T04:26:30","guid":{"rendered":"https:\/\/gomluylau.com\/?post_type=product&#038;p=487"},"modified":"2022-05-03T05:38:38","modified_gmt":"2022-05-03T05:38:38","slug":"binh-dao-tri","status":"publish","type":"product","link":"https:\/\/gomluylau.com\/index.php\/product\/binh-dao-tri\/","title":{"rendered":"B\u00ecnh \u0111\u00e0o tr\u0129"},"content":{"rendered":"<p>H\u00ecnh \u1ea3nh chim tr\u0129 v\u00e0 hoa \u0111\u00e0o \u0111\u01b0\u1ee3c c\u00e1ch \u0111i\u1ec7u \u1edf c\u1ed5 b\u00ecnh nh\u01b0ng t\u1ea1o c\u1ea3m gi\u00e1c h\u00e0i h\u00f2a v\u1edbi t\u1ed5ng th\u1ec3 c\u1ea3 b\u00ecnh. Chim tr\u0129 t\u01b0\u1ee3ng tr\u01b0ng cho s\u1ef1 th\u1ee7y chung son s\u1eafc, qu\u1ea3 \u0111\u00e0o t\u01b0\u1ee3ng tr\u01b0ng cho tr\u01b0\u1eddng th\u1ecd, ph\u00fac l\u1ed9c d\u00e0i l\u00e2u, c\u00f2n hoa \u0111\u00e0o t\u01b0\u1ee3ng tr\u01b0ng cho s\u1ef1 may m\u1eafn, \u0111\u1ee7 \u0111\u1ea7y.<\/p>\n<p>B\u00ecnh \u0111\u01b0\u1ee3c l\u00e0m t\u1eeb ch\u1ea5t li\u1ec7u g\u1ed1m c\u1ed5 \u0111\u1eb7c tr\u01b0ng v\u00f9ng Luy L\u00e2u, \u0111\u01b0\u1ee3c nung \u1edf nhi\u1ec7t \u0111\u1ed9 t\u1eeb 900-1050 \u0111\u1ed9 C. C\u00f3 th\u1ec3 tr\u01b0ng b\u00e0y \u1edf ph\u00f2ng kh\u00e1ch, \u0111em l\u1ea1i s\u1ef1 sang tr\u1ecdng, may m\u1eafn, ph\u00e1t t\u00e0i l\u1ed9c cho gia ch\u1ee7.<\/p>\n","protected":false},"excerpt":{"rendered":"<p>H\u00ecnh \u1ea3nh chim tr\u0129 v\u00e0 hoa \u0111\u00e0o \u0111\u01b0\u1ee3c c\u00e1ch \u0111i\u1ec7u \u1edf c\u1ed5 b\u00ecnh nh\u01b0ng t\u1ea1o c\u1ea3m gi\u00e1c h\u00e0i h\u00f2a v\u1edbi t\u1ed5ng th\u1ec3 c\u1ea3 b\u00ecnh. Chim tr\u0129 t\u01b0\u1ee3ng tr\u01b0ng cho s\u1ef1 th\u1ee7y chung son s\u1eafc, qu\u1ea3 \u0111\u00e0o t\u01b0\u1ee3ng tr\u01b0ng cho tr\u01b0\u1eddng th\u1ecd, ph\u00fac l\u1ed9c d\u00e0i l\u00e2u, c\u00f2n hoa \u0111\u00e0o t\u01b0\u1ee3ng tr\u01b0ng cho s\u1ef1 may m\u1eafn, \u0111\u1ee7 &#8230; <a title=\"B\u00ecnh \u0111\u00e0o tr\u0129\" class=\"read-more\" href=\"https:\/\/gomluylau.com\/index.php\/product\/binh-dao-tri\/\" aria-label=\"More on B\u00ecnh \u0111\u00e0o tr\u0129\">\u0110\u1ecdc ti\u1ebfp<\/a><\/p>\n","protected":false},"featured_media":1821,"comment_status":"open","ping_status":"closed","template":"","meta":[],"_links":{"self":[{"href":"https:\/\/gomluylau.com\/index.php\/wp-json\/wp\/v2\/product\/487"}],"collection":[{"href":"https:\/\/gomluylau.com\/index.php\/wp-json\/wp\/v2\/product"}],"about":[{"href":"https:\/\/gomluylau.com\/index.php\/wp-json\/wp\/v2\/types\/product"}],"replies":[{"embeddable":true,"href":"https:\/\/gomluylau.com\/index.php\/wp-json\/wp\/v2\/comments?post=487"}],"wp:featuredmedia":[{"embeddable":true,"href":"https:\/\/gomluylau.com\/index.php\/wp-json\/wp\/v2\/media\/1821"}],"wp:attachment":[{"href":"https:\/\/gomluylau.com\/index.php\/wp-json\/wp\/v2\/media?parent=487"}],"curies":[{"name":"wp","href":"https:\/\/api.w.org\/{rel}","templated":true}]}}